{"id":1401,"date":"2019-10-04T12:31:21","date_gmt":"2019-10-04T10:31:21","guid":{"rendered":"https:\/\/www.digital-eyes.fr\/fr\/?page_id=1401"},"modified":"2024-03-18T13:49:51","modified_gmt":"2024-03-18T12:49:51","slug":"recrutement","status":"publish","type":"page","link":"https:\/\/www.digital-eyes.fr\/fr\/recrutement\/","title":{"rendered":"Recrutement"},"content":{"rendered":"<p>[et_pb_section fb_built=&#8221;1&#8243; _builder_version=&#8221;4.17.6&#8243; background_color=&#8221;#102F46&#8243; use_background_color_gradient=&#8221;on&#8221; background_color_gradient_stops=&#8221;#08385b 0%|#001523 100%&#8221; background_color_gradient_start=&#8221;#08385b&#8221; background_color_gradient_end=&#8221;#001523&#8243; custom_margin=&#8221;-215px||||false|false&#8221; custom_padding=&#8221;250px||42px|0px|false|false&#8221; top_divider_color=&#8221;#226699&#8243; animation_style=&#8221;zoom&#8221; animation_duration=&#8221;1500ms&#8221; animation_intensity_zoom=&#8221;100%&#8221; background_color_gradient_stops_tablet=&#8221;#08385b 0%|#001523 100%&#8221; background_color_gradient_stops_phone=&#8221;#08385b 0%|#001523 100%&#8221; border_width_bottom=&#8221;3px&#8221; border_color_bottom=&#8221;#F89838&#8243; box_shadow_style=&#8221;preset3&#8243; global_module=&#8221;2284&#8243; saved_tabs=&#8221;all&#8221; locked=&#8221;off&#8221; global_colors_info=&#8221;{}&#8221;][et_pb_row _builder_version=&#8221;4.18.0&#8243; _module_preset=&#8221;default&#8221; global_colors_info=&#8221;{}&#8221;][et_pb_column type=&#8221;4_4&#8243; _builder_version=&#8221;4.16&#8243; _module_preset=&#8221;default&#8221; global_colors_info=&#8221;{}&#8221;][et_pb_text _builder_version=&#8221;4.18.0&#8243; _dynamic_attributes=&#8221;content&#8221; _module_preset=&#8221;default&#8221; text_orientation=&#8221;center&#8221; background_layout=&#8221;dark&#8221; animation_direction=&#8221;top&#8221; global_colors_info=&#8221;{}&#8221;]@ET-DC@eyJkeW5hbWljIjp0cnVlLCJjb250ZW50IjoicG9zdF9leGNlcnB0Iiwic2V0dGluZ3MiOnsiYmVmb3JlIjoiPGgxPiIsImFmdGVyIjoiPC9oMT4iLCJ3b3JkcyI6IiIsInJlYWRfbW9yZV9sYWJlbCI6IiJ9fQ==@[\/et_pb_text][\/et_pb_column][\/et_pb_row][\/et_pb_section][et_pb_section fb_built=&#8221;1&#8243; _builder_version=&#8221;4.16&#8243; custom_padding=&#8221;||0px|||&#8221; global_colors_info=&#8221;{}&#8221;][et_pb_row _builder_version=&#8221;4.16&#8243; global_colors_info=&#8221;{}&#8221;][et_pb_column type=&#8221;4_4&#8243; _builder_version=&#8221;4.16&#8243; global_colors_info=&#8221;{}&#8221;][et_pb_text _builder_version=&#8221;4.16&#8243; global_colors_info=&#8221;{}&#8221;]<\/p>\n<h2 style=\"text-align: center;\">Digital-Eyes, notre projet, notre aventure<\/h2>\n<p>[\/et_pb_text][\/et_pb_column][\/et_pb_row][et_pb_row _builder_version=&#8221;4.16&#8243; global_colors_info=&#8221;{}&#8221;][et_pb_column type=&#8221;4_4&#8243; _builder_version=&#8221;4.16&#8243; global_colors_info=&#8221;{}&#8221;][et_pb_text _builder_version=&#8221;4.16&#8243; global_colors_info=&#8221;{}&#8221;]<\/p>\n<p style=\"text-align: justify;\">Digital-Eyes est une jeune entreprise, et nous sommes encore en pleine phase de d\u00e9veloppement. Cette phase est difficile, mais excitante \u00e0 la fois. Chaque pas effectu\u00e9 est le fruit de notre engagement, de notre labeur.\u00a0<\/p>\n<p style=\"text-align: justify;\">Digital-Eyes a pour objectif d&#8217;augmenter ses effectifs, tout en restant une entreprise \u00e0 taille humaine. Nous souhaitons que chaque collaborateur soit un acteur important, puisse se sentir directement impliqu\u00e9 dans l&#8217;\u00e9volution de l&#8217;entreprise et souhaite s&#8217;investir \u00e0 100 % dans nos projets. La taille humaine de l&#8217;entreprise vous donnera l&#8217;occasion d&#8217;utiliser toutes vos comp\u00e9tences au service de l&#8217;entreprise, et de les partager pour faire grandir l&#8217;efficacit\u00e9 de l&#8217;\u00e9quipe.<\/p>\n<p style=\"text-align: justify;\">Parce que nous sommes convaincus de l&#8217;existence et de la valeur de l&#8217;intelligence collective, le management est participatif, collaboratif. Il y aura toujours besoin d&#8217;un arbitre pour trancher, mais la d\u00e9cision est construite avec tous les collaborateurs.<\/p>\n<p style=\"text-align: justify;\">Nous recherchons des profils de passionn\u00e9s. Tout d&#8217;abord passionn\u00e9s par l&#8217;Humain, la construction de relations durables et les \u00e9changes enrichissant que nous pouvons avoir en donnant ou en recevant des conseils bienveillants et constructifs. Et d&#8217;autre part passionn\u00e9s par les nouvelles technologies, la culture informatique, et la s\u00e9curit\u00e9 informatique qui sont au c\u0153ur des services que nous proposons et partageons.<\/p>\n<p style=\"text-align: justify;\">Vous pouvez \u00eatre autodidacte, avoir peu d&#8217;exp\u00e9riences professionnelles ou peu de dipl\u00f4mes. Chez nous, vos qualit\u00e9s humaines, votre capacit\u00e9 \u00e0 apprendre et votre savoir \u00eatre sont aussi importants que votre savoir faire.<\/p>\n<p style=\"text-align: justify;\">L&#8217;entreprise est situ\u00e9 dans les Bouches-du-Rh\u00f4ne, \u00e0 Trets (13530), vous \u00eates dans ce secteur g\u00e9ographique ou n&#8217;aurez aucun souci \u00e0 vous en rapprocher pour une meilleure collaboration.<\/p>\n<p style=\"text-align: justify;\">Si vous vous reconnaissez dans ce projet et souhaitez vous investir dans cette aventure entrepreneuriale, alors n&#8217;h\u00e9sitez pas \u00e0 nous contacter. Laissez-nous un message, parlant de vous et de vos motivations, nous trouverons alors certainement un moment pour nous rencontrer et discuter.<\/p>\n<p style=\"text-align: justify;\">\n<p>[\/et_pb_text][\/et_pb_column][\/et_pb_row][et_pb_row column_structure=&#8221;1_2,1_2&#8243; _builder_version=&#8221;4.16&#8243; global_colors_info=&#8221;{}&#8221;][et_pb_column type=&#8221;1_2&#8243; _builder_version=&#8221;4.16&#8243; global_colors_info=&#8221;{}&#8221;][et_pb_team_member name=&#8221;Rejoignez-nous&#8221; position=&#8221;Agent commercial, ou community manager&#8221; image_url=&#8221;https:\/\/www.digital-eyes.fr\/wp-content\/uploads\/2019\/10\/Avatar-anonyme-female.png&#8221; linkedin_url=&#8221;https:\/\/www.linkedin.com\/in\/adrien-bachelot-9775ab125\/&#8221; icon_color=&#8221;#ffffff&#8221; _builder_version=&#8221;4.16&#8243; header_font=&#8221;||||||||&#8221; header_text_align=&#8221;center&#8221; header_text_color=&#8221;#226699&#8243; body_font=&#8221;||||||||&#8221; body_text_align=&#8221;justify&#8221; text_orientation=&#8221;left&#8221; module_alignment=&#8221;center&#8221; animation_style=&#8221;zoom&#8221; custom_css_member_image=&#8221;margin: 0 auto;||width: 100%; ||&#8221; border_radii_image=&#8221;on|264px|264px|264px|264px&#8221; border_width_all_image=&#8221;4px&#8221; border_color_all_image=&#8221;#226699&#8243; locked=&#8221;off&#8221; global_colors_info=&#8221;{}&#8221;]<\/p>\n<p>Vous\u00a0aimez aller au contact des gens, vous avez le sens de l&#8217;\u00e9coute et de la relation client. Les technologies de l&#8217;information et la s\u00e9curit\u00e9 informatique attisent votre curiosit\u00e9 ou ne vous sont pas compl\u00e8tement inconnues.<\/p>\n<p>Vous souhaitez \u00eatre le repr\u00e9sentant d&#8217;une entreprise et de ses services, et vous vous sentirez \u00e0 l&#8217;aise pour pr\u00e9senter des solutions informatiques pour aider des petites entreprises et particuliers \u00e0 mieux prot\u00e9ger leur donn\u00e9es ou pour leur transition num\u00e9rique.<\/p>\n<p>Vous avez le sens de l&#8217;\u00e9coute et du partage. Votre soif d&#8217;apprendre n&#8217;a d&#8217;\u00e9gale que votre motivation pour vous investir dans la croissance de votre future entreprise et de vos futurs collaborateurs.<\/p>\n<p>Des comp\u00e9tences en communication digitale, r\u00e9seaux sociaux, et\/ou une culture en s\u00e9curit\u00e9 informatique, d\u00e9veloppement web seraient un plus.<\/p>\n<p><span>Si vous vous reconnaissez, alors ce poste est fait pour vous,\u00a0<\/span>rencontrons-nous pour construire ensemble le projet qui deviendra le n\u00f4tre.<\/p>\n<p>[\/et_pb_team_member][\/et_pb_column][et_pb_column type=&#8221;1_2&#8243; _builder_version=&#8221;4.16&#8243; global_colors_info=&#8221;{}&#8221;][et_pb_team_member name=&#8221;Rejoignez-nous&#8221; position=&#8221;Informaticien, technicien ou ing\u00e9nieur&#8221; image_url=&#8221;https:\/\/www.digital-eyes.fr\/wp-content\/uploads\/2019\/10\/Avatar-anonyme-male.png&#8221; linkedin_url=&#8221;https:\/\/www.linkedin.com\/in\/adrien-bachelot-9775ab125\/&#8221; icon_color=&#8221;#ffffff&#8221; _builder_version=&#8221;4.16&#8243; header_font=&#8221;||||||||&#8221; header_text_align=&#8221;center&#8221; header_text_color=&#8221;#226699&#8243; body_font=&#8221;||||||||&#8221; body_text_align=&#8221;justify&#8221; text_orientation=&#8221;left&#8221; module_alignment=&#8221;center&#8221; animation_style=&#8221;zoom&#8221; custom_css_member_image=&#8221;margin: 0 auto;||width: 100%; ||&#8221; border_radii_image=&#8221;on|264px|264px|264px|264px&#8221; border_width_all_image=&#8221;4px&#8221; border_color_all_image=&#8221;#226699&#8243; locked=&#8221;off&#8221; global_colors_info=&#8221;{}&#8221;]<\/p>\n<p>Vous \u00eates passionn\u00e9s par l&#8217;informatique. Les technologies de l&#8217;information, la s\u00e9curit\u00e9 informatique, les NAS, les strat\u00e9gies de sauvegardes, les redondances mat\u00e9rielles vous sont connues. Vous savez d\u00e9j\u00e0 coder et vous avez envie de travailler en d\u00e9veloppement web et administration syst\u00e8me.\u00a0\u00a0<\/p>\n<p>Des termes comme Docker, Bug Bounty, Hello World, RAID, hacking \u00e9thique, Ransomware, 42, GAFAM, Nuxt, VueJS, Open Source&#8230; vous parlent ? Vous connaissez Linux, et d&#8217;autres syst\u00e8mes d&#8217;exploitation (ChromeOS, MacOS, Windows, Android&#8230;). Vous connaissez VueJS, Nuxt, javascript, NodeJS, Directus&#8230;<\/p>\n<p>Vous avez le sens de l&#8217;\u00e9coute et du partage. Votre soif d&#8217;apprendre n&#8217;a d&#8217;\u00e9gale que votre motivation pour vous investir dans la croissance de votre future entreprise et de vos futurs collaborateurs.<\/p>\n<p>Des comp\u00e9tences en d\u00e9veloppement C, C++, Java, python, HTML, PHP, Unity3D seraient un plus.<\/p>\n<p>Si vous vous reconnaissez, alors ce poste est fait pour vous,\u00a0rencontrons-nous pour construire ensemble le projet qui deviendra le n\u00f4tre.<\/p>\n<p>[\/et_pb_team_member][\/et_pb_column][\/et_pb_row][\/et_pb_section][et_pb_section fb_built=&#8221;1&#8243; _builder_version=&#8221;4.16&#8243; global_colors_info=&#8221;{}&#8221;][et_pb_row _builder_version=&#8221;4.16&#8243; global_colors_info=&#8221;{}&#8221;][et_pb_column type=&#8221;4_4&#8243; _builder_version=&#8221;4.16&#8243; global_colors_info=&#8221;{}&#8221;][et_pb_contact_form use_spam_service=&#8221;on&#8221; recaptcha_list=&#8221;Digital-Eyes|Digital-Eyes-0&#8243; email=&#8221;franck@digital-eyes.fr&#8221; title=&#8221;Contactez-nous&#8221; use_redirect=&#8221;on&#8221; redirect_url=&#8221;\/message-envoye\/&#8221; success_message=&#8221;message en cours d&#8217;envoi&#8230;&#8221; _builder_version=&#8221;4.16&#8243; _unique_id=&#8221;4e82c868-28bd-4876-92ab-f28ad70a21f9&#8243; form_field_background_color=&#8221;rgba(0,0,0,0)&#8221; form_field_text_color=&#8221;#4c4c4c&#8221; title_font=&#8221;||||||||&#8221; form_field_font=&#8221;||||||||&#8221; animation_style=&#8221;fade&#8221; border_radii=&#8221;on|8px|8px|8px|8px&#8221; border_width_all=&#8221;2px&#8221; border_color_all=&#8221;#226699&#8243; global_colors_info=&#8221;{}&#8221;][et_pb_contact_field field_id=&#8221;firstname&#8221; field_title=&#8221;Pr\u00e9nom&#8221; _builder_version=&#8221;4.16&#8243; global_colors_info=&#8221;{}&#8221; button_text_size__hover_enabled=&#8221;off&#8221; button_one_text_size__hover_enabled=&#8221;off&#8221; button_two_text_size__hover_enabled=&#8221;off&#8221; button_text_color__hover_enabled=&#8221;off&#8221; button_one_text_color__hover_enabled=&#8221;off&#8221; button_two_text_color__hover_enabled=&#8221;off&#8221; button_border_width__hover_enabled=&#8221;off&#8221; button_one_border_width__hover_enabled=&#8221;off&#8221; button_two_border_width__hover_enabled=&#8221;off&#8221; button_border_color__hover_enabled=&#8221;off&#8221; button_one_border_color__hover_enabled=&#8221;off&#8221; button_two_border_color__hover_enabled=&#8221;off&#8221; button_border_radius__hover_enabled=&#8221;off&#8221; button_one_border_radius__hover_enabled=&#8221;off&#8221; button_two_border_radius__hover_enabled=&#8221;off&#8221; button_letter_spacing__hover_enabled=&#8221;off&#8221; button_one_letter_spacing__hover_enabled=&#8221;off&#8221; button_two_letter_spacing__hover_enabled=&#8221;off&#8221; button_bg_color__hover_enabled=&#8221;off&#8221; button_one_bg_color__hover_enabled=&#8221;off&#8221; button_two_bg_color__hover_enabled=&#8221;off&#8221;][\/et_pb_contact_field][et_pb_contact_field field_id=&#8221;lastname&#8221; field_title=&#8221;Nom&#8221; _builder_version=&#8221;4.16&#8243; global_colors_info=&#8221;{}&#8221; button_text_size__hover_enabled=&#8221;off&#8221; button_one_text_size__hover_enabled=&#8221;off&#8221; button_two_text_size__hover_enabled=&#8221;off&#8221; button_text_color__hover_enabled=&#8221;off&#8221; button_one_text_color__hover_enabled=&#8221;off&#8221; button_two_text_color__hover_enabled=&#8221;off&#8221; button_border_width__hover_enabled=&#8221;off&#8221; button_one_border_width__hover_enabled=&#8221;off&#8221; button_two_border_width__hover_enabled=&#8221;off&#8221; button_border_color__hover_enabled=&#8221;off&#8221; button_one_border_color__hover_enabled=&#8221;off&#8221; button_two_border_color__hover_enabled=&#8221;off&#8221; button_border_radius__hover_enabled=&#8221;off&#8221; button_one_border_radius__hover_enabled=&#8221;off&#8221; button_two_border_radius__hover_enabled=&#8221;off&#8221; button_letter_spacing__hover_enabled=&#8221;off&#8221; button_one_letter_spacing__hover_enabled=&#8221;off&#8221; button_two_letter_spacing__hover_enabled=&#8221;off&#8221; button_bg_color__hover_enabled=&#8221;off&#8221; button_one_bg_color__hover_enabled=&#8221;off&#8221; button_two_bg_color__hover_enabled=&#8221;off&#8221;][\/et_pb_contact_field][et_pb_contact_field field_id=&#8221;Email&#8221; field_title=&#8221;Adresse e-mail&#8221; field_type=&#8221;email&#8221; fullwidth_field=&#8221;on&#8221; _builder_version=&#8221;4.16&#8243; global_colors_info=&#8221;{}&#8221; button_text_size__hover_enabled=&#8221;off&#8221; button_one_text_size__hover_enabled=&#8221;off&#8221; button_two_text_size__hover_enabled=&#8221;off&#8221; button_text_color__hover_enabled=&#8221;off&#8221; button_one_text_color__hover_enabled=&#8221;off&#8221; button_two_text_color__hover_enabled=&#8221;off&#8221; button_border_width__hover_enabled=&#8221;off&#8221; button_one_border_width__hover_enabled=&#8221;off&#8221; button_two_border_width__hover_enabled=&#8221;off&#8221; button_border_color__hover_enabled=&#8221;off&#8221; button_one_border_color__hover_enabled=&#8221;off&#8221; button_two_border_color__hover_enabled=&#8221;off&#8221; button_border_radius__hover_enabled=&#8221;off&#8221; button_one_border_radius__hover_enabled=&#8221;off&#8221; button_two_border_radius__hover_enabled=&#8221;off&#8221; button_letter_spacing__hover_enabled=&#8221;off&#8221; button_one_letter_spacing__hover_enabled=&#8221;off&#8221; button_two_letter_spacing__hover_enabled=&#8221;off&#8221; button_bg_color__hover_enabled=&#8221;off&#8221; button_one_bg_color__hover_enabled=&#8221;off&#8221; button_two_bg_color__hover_enabled=&#8221;off&#8221;][\/et_pb_contact_field][et_pb_contact_field field_id=&#8221;Message&#8221; field_title=&#8221;Racontez-nous votre parcours&#8221; field_type=&#8221;text&#8221; fullwidth_field=&#8221;on&#8221; _builder_version=&#8221;4.16&#8243; global_colors_info=&#8221;{}&#8221; button_text_size__hover_enabled=&#8221;off&#8221; button_one_text_size__hover_enabled=&#8221;off&#8221; button_two_text_size__hover_enabled=&#8221;off&#8221; button_text_color__hover_enabled=&#8221;off&#8221; button_one_text_color__hover_enabled=&#8221;off&#8221; button_two_text_color__hover_enabled=&#8221;off&#8221; button_border_width__hover_enabled=&#8221;off&#8221; button_one_border_width__hover_enabled=&#8221;off&#8221; button_two_border_width__hover_enabled=&#8221;off&#8221; button_border_color__hover_enabled=&#8221;off&#8221; button_one_border_color__hover_enabled=&#8221;off&#8221; button_two_border_color__hover_enabled=&#8221;off&#8221; button_border_radius__hover_enabled=&#8221;off&#8221; button_one_border_radius__hover_enabled=&#8221;off&#8221; button_two_border_radius__hover_enabled=&#8221;off&#8221; button_letter_spacing__hover_enabled=&#8221;off&#8221; button_one_letter_spacing__hover_enabled=&#8221;off&#8221; button_two_letter_spacing__hover_enabled=&#8221;off&#8221; button_bg_color__hover_enabled=&#8221;off&#8221; button_one_bg_color__hover_enabled=&#8221;off&#8221; button_two_bg_color__hover_enabled=&#8221;off&#8221;][\/et_pb_contact_field][et_pb_contact_field field_id=&#8221;Message_2&#8243; field_title=&#8221;Quelles sont vos motivations \u00e0 rejoindre notre \u00e9quipe&#8221; field_type=&#8221;text&#8221; fullwidth_field=&#8221;on&#8221; _builder_version=&#8221;4.16&#8243; global_colors_info=&#8221;{}&#8221; button_text_size__hover_enabled=&#8221;off&#8221; button_one_text_size__hover_enabled=&#8221;off&#8221; button_two_text_size__hover_enabled=&#8221;off&#8221; button_text_color__hover_enabled=&#8221;off&#8221; button_one_text_color__hover_enabled=&#8221;off&#8221; button_two_text_color__hover_enabled=&#8221;off&#8221; button_border_width__hover_enabled=&#8221;off&#8221; button_one_border_width__hover_enabled=&#8221;off&#8221; button_two_border_width__hover_enabled=&#8221;off&#8221; button_border_color__hover_enabled=&#8221;off&#8221; button_one_border_color__hover_enabled=&#8221;off&#8221; button_two_border_color__hover_enabled=&#8221;off&#8221; button_border_radius__hover_enabled=&#8221;off&#8221; button_one_border_radius__hover_enabled=&#8221;off&#8221; button_two_border_radius__hover_enabled=&#8221;off&#8221; button_letter_spacing__hover_enabled=&#8221;off&#8221; button_one_letter_spacing__hover_enabled=&#8221;off&#8221; button_two_letter_spacing__hover_enabled=&#8221;off&#8221; button_bg_color__hover_enabled=&#8221;off&#8221; button_one_bg_color__hover_enabled=&#8221;off&#8221; button_two_bg_color__hover_enabled=&#8221;off&#8221;][\/et_pb_contact_field][\/et_pb_contact_form][\/et_pb_column][\/et_pb_row][\/et_pb_section]<\/p>\n","protected":false},"excerpt":{"rendered":"<p>Nos valeurs sont dans l&#8217;accompagnement des petites structures d&#8217;entreprises et des particuliers pour une meilleure ma\u00eetrise de leurs donn\u00e9es et de l&#8217;outil informatique, devenu indispensable et pourtant souvent mal utilis\u00e9. Vous vous reconnaissez dans ces valeurs, alors prenez contact avec nous.<\/p>\n","protected":false},"author":3,"featured_media":0,"parent":0,"menu_order":0,"comment_status":"closed","ping_status":"closed","template":"","meta":{"_et_pb_use_builder":"on","_et_pb_old_content":"","_et_gb_content_width":""},"_links":{"self":[{"href":"https:\/\/www.digital-eyes.fr\/fr\/wp-json\/wp\/v2\/pages\/1401"}],"collection":[{"href":"https:\/\/www.digital-eyes.fr\/fr\/wp-json\/wp\/v2\/pages"}],"about":[{"href":"https:\/\/www.digital-eyes.fr\/fr\/wp-json\/wp\/v2\/types\/page"}],"author":[{"embeddable":true,"href":"https:\/\/www.digital-eyes.fr\/fr\/wp-json\/wp\/v2\/users\/3"}],"replies":[{"embeddable":true,"href":"https:\/\/www.digital-eyes.fr\/fr\/wp-json\/wp\/v2\/comments?post=1401"}],"version-history":[{"count":15,"href":"https:\/\/www.digital-eyes.fr\/fr\/wp-json\/wp\/v2\/pages\/1401\/revisions"}],"predecessor-version":[{"id":8083,"href":"https:\/\/www.digital-eyes.fr\/fr\/wp-json\/wp\/v2\/pages\/1401\/revisions\/8083"}],"wp:attachment":[{"href":"https:\/\/www.digital-eyes.fr\/fr\/wp-json\/wp\/v2\/media?parent=1401"}],"curies":[{"name":"wp","href":"https:\/\/api.w.org\/{rel}","templated":true}]}}