{"id":1559,"date":"2020-02-10T15:40:42","date_gmt":"2020-02-10T13:40:42","guid":{"rendered":"https:\/\/www.digital-eyes.fr\/fr\/?page_id=1559"},"modified":"2021-12-18T09:22:14","modified_gmt":"2021-12-18T08:22:14","slug":"enquete-de-satisfaction","status":"publish","type":"page","link":"https:\/\/www.digital-eyes.fr\/fr\/enquete-de-satisfaction\/","title":{"rendered":"Enqu\u00eate de satisfaction"},"content":{"rendered":"<p>[et_pb_section fb_built=&#8221;1&#8243; _builder_version=&#8221;4.14.2&#8243; background_color=&#8221;rgba(0,0,0,0)&#8221; custom_padding=&#8221;242px||42px|0px|false|false&#8221; top_divider_color=&#8221;#226699&#8243; global_module=&#8221;2284&#8243; saved_tabs=&#8221;all&#8221; global_colors_info=&#8221;{}&#8221; locked=&#8221;off&#8221;][et_pb_row _builder_version=&#8221;4.9.6&#8243; _module_preset=&#8221;default&#8221; global_colors_info=&#8221;{}&#8221;][et_pb_column type=&#8221;4_4&#8243; _builder_version=&#8221;4.6.6&#8243; _module_preset=&#8221;default&#8221; global_colors_info=&#8221;{}&#8221;][et_pb_text _builder_version=&#8221;4.10.6&#8243; _dynamic_attributes=&#8221;content&#8221; _module_preset=&#8221;default&#8221; text_orientation=&#8221;center&#8221; animation_direction=&#8221;bottom&#8221; hover_enabled=&#8221;0&#8243; global_colors_info=&#8221;{}&#8221; sticky_enabled=&#8221;0&#8243;]@ET-DC@eyJkeW5hbWljIjp0cnVlLCJjb250ZW50IjoicG9zdF9leGNlcnB0Iiwic2V0dGluZ3MiOnsiYmVmb3JlIjoiPGgxPiIsImFmdGVyIjoiPC9oMT4iLCJ3b3JkcyI6IiIsInJlYWRfbW9yZV9sYWJlbCI6IiJ9fQ==@[\/et_pb_text][\/et_pb_column][\/et_pb_row][\/et_pb_section][et_pb_section fb_built=&#8221;1&#8243; _builder_version=&#8221;3.22&#8243; min_height=&#8221;155px&#8221; custom_padding=&#8221;0|0px|54px|0px|false|false&#8221; global_colors_info=&#8221;{}&#8221;][et_pb_row _builder_version=&#8221;3.25&#8243; global_colors_info=&#8221;{}&#8221;][et_pb_column type=&#8221;4_4&#8243; _builder_version=&#8221;3.25&#8243; custom_padding=&#8221;|||&#8221; global_colors_info=&#8221;{}&#8221; custom_padding__hover=&#8221;|||&#8221;][et_pb_text _builder_version=&#8221;4.14.2&#8243; _module_preset=&#8221;default&#8221; hover_enabled=&#8221;0&#8243; sticky_enabled=&#8221;0&#8243;]<\/p>\n<h2>Remplissez ce formulaire pour nous encourager et nous aider \u00e0 nous am\u00e9liorer.<\/h2>\n<p>[\/et_pb_text][\/et_pb_column][\/et_pb_row][et_pb_row _builder_version=&#8221;4.3.2&#8243; global_colors_info=&#8221;{}&#8221;][et_pb_column type=&#8221;4_4&#8243; _builder_version=&#8221;4.3.2&#8243; global_colors_info=&#8221;{}&#8221;][et_pb_code _builder_version=&#8221;4.3.2&#8243; global_colors_info=&#8221;{}&#8221;]<div class=\"caldera-grid\" id=\"caldera_form_1\" data-cf-ver=\"1.9.7\" data-cf-form-id=\"CF5e3c99397477e\"><div id=\"caldera_notices_1\" data-spinner=\"https:\/\/www.digital-eyes.fr\/wp-admin\/images\/spinner.gif\"><\/div><form data-instance=\"1\" class=\"CF5e3c99397477e caldera_forms_form cfajax-trigger\" method=\"POST\" enctype=\"multipart\/form-data\" id=\"CF5e3c99397477e_1\" data-form-id=\"CF5e3c99397477e\" aria-label=\"Sondage satisfaction\" data-target=\"#caldera_notices_1\" data-template=\"#cfajax_CF5e3c99397477e-tmpl\" data-cfajax=\"CF5e3c99397477e\" data-load-element=\"_parent\" data-load-class=\"cf_processing\" data-post-disable=\"0\" data-action=\"cf_process_ajax_submit\" data-request=\"https:\/\/www.digital-eyes.fr\/fr\/cf-api\/CF5e3c99397477e\" data-hiderows=\"true\">\r\n<input type=\"hidden\" id=\"_cf_verify_CF5e3c99397477e\" name=\"_cf_verify\" value=\"81863ad257\"  data-nonce-time=\"1776348044\" \/><input type=\"hidden\" name=\"_wp_http_referer\" value=\"\/fr\/wp-json\/wp\/v2\/pages\/1559\" \/><div id=\"cf2-CF5e3c99397477e_1\"><\/div><input type=\"hidden\" name=\"_cf_frm_id\" value=\"CF5e3c99397477e\">\r\n<input type=\"hidden\" name=\"_cf_frm_ct\" value=\"1\">\r\n<input type=\"hidden\" name=\"cfajax\" value=\"CF5e3c99397477e\">\r\n<input type=\"hidden\" name=\"_cf_cr_pst\" value=\"1559\">\r\n<div class=\"hide\" style=\"display:none; overflow:hidden;height:0;width:0;\">\r\n<label>Phone<\/label><input type=\"text\" name=\"phone\" value=\"\" autocomplete=\"off\">\r\n<\/div><div id=\"CF5e3c99397477e_1-row-1\"  class=\"row  first_row\"><div  class=\"col-sm-12  single\"><div class=\"\"><p>Nous vous remercions pour la confiance que vous nous avez accord\u00e9e.<br \/>\nSi vous le souhaitez, vous pouvez nous faire un petit retour sur votre exp\u00e9rience en r\u00e9pondant \u00e0 ces quelques questions qui nous permettront de vous fournir un service toujours de meilleure qualit\u00e9.<br \/>\n<\/BR><\/p>\n<\/div><\/div><\/div><div id=\"CF5e3c99397477e_1-row-2\"  class=\"row \"><div  class=\"col-sm-12  single\"><div data-field-wrapper=\"fld_3084419\" class=\"form-group\" id=\"fld_3084419_1-wrap\">\r\n\t<label id=\"fld_3084419Label\" for=\"fld_3084419_1\" class=\"control-label\">Num\u00e9ro de facturation <span aria-hidden=\"true\" role=\"presentation\" class=\"field_required\" style=\"color:#ee0000;\">*<\/span><\/label>\r\n\t<div class=\"\">\r\n\t\t<input  data-inputmask=\"'mask': 'FC[9{6,10}]'\"  required type=\"text\" data-field=\"fld_3084419\" class=\" form-control\" id=\"fld_3084419_1\" name=\"fld_3084419\" value=\"\" data-type=\"text\" aria-required=\"true\"   aria-labelledby=\"fld_3084419Label\" >\t\t\t<\/div>\r\n<\/div>\r\n<\/div><\/div><div id=\"CF5e3c99397477e_1-row-3\"  class=\"row \"><div  class=\"col-sm-12  single\"><div data-field-wrapper=\"fld_7312135\" class=\"form-group\" id=\"fld_7312135_1-wrap\">\r\n\t<label id=\"fld_7312135Label\" for=\"fld_7312135_1\" class=\"control-label\">Recommanderiez-vous Digital-Eyes \u00e0 un(e) ami(e), coll\u00e8gue ou membre de votre famille ? <span aria-hidden=\"true\" role=\"presentation\" class=\"field_required\" style=\"color:#ee0000;\">*<\/span><\/label>\r\n\t<div class=\"\">\r\n\t\t<div style=\"position: relative;\">\n\t\t\t<div id=\"fld_7312135_1_stars\" style=\"color:#1e73be;font-size:13px;\" ><\/div>\n\t\t\t<input type=\"text\" name=\"fld_7312135\" data-field=\"fld_7312135\" class=\"form-control\" id=\"fld_7312135_1\" value=\"0\" data-type=\"star\"  required=\"required\" style=\"position: absolute; width: 0px; height: 0px; padding: 0px; bottom: 0px; left: 12px; opacity: 0; z-index: -1000;\" value=\"\" \/>\n\t\t<\/div>\n\t\t\t<\/div>\r\n<\/div>\r\n<div data-field-wrapper=\"fld_7288770\" class=\"form-group\" id=\"fld_7288770_1-wrap\">\r\n\t<label id=\"fld_7288770Label\" for=\"fld_7288770_1\" class=\"control-label\">Exprimez librement les raisons pour lesquelles vous nous recommanderiez :<\/label>\r\n\t<div class=\"\">\r\n\t\t<textarea name=\"fld_7288770\" value=\"\" data-field=\"fld_7288770\" class=\"form-control\" id=\"fld_7288770_1\" rows=\"4\"    aria-labelledby=\"fld_7288770Label\" ><\/textarea>\n\t\t\t<\/div>\r\n<\/div>\r\n<div data-field-wrapper=\"fld_9572401\" class=\"form-group\" id=\"fld_9572401_1-wrap\">\r\n\t<label id=\"fld_9572401Label\" for=\"fld_9572401_1\" class=\"control-label\">Comment jugeriez-vous les comp\u00e9tences de vos intervenants Digital-Eyes ? <span aria-hidden=\"true\" role=\"presentation\" class=\"field_required\" style=\"color:#ee0000;\">*<\/span><\/label>\r\n\t<div class=\"\">\r\n\t\t<div style=\"position: relative;\">\n\t\t\t<div id=\"fld_9572401_1_stars\" style=\"color:#1e73be;font-size:13px;\" ><\/div>\n\t\t\t<input type=\"text\" name=\"fld_9572401\" data-field=\"fld_9572401\" class=\"form-control\" id=\"fld_9572401_1\" value=\"0\" data-type=\"star\"  required=\"required\" style=\"position: absolute; width: 0px; height: 0px; padding: 0px; bottom: 0px; left: 12px; opacity: 0; z-index: -1000;\" value=\"\" \/>\n\t\t<\/div>\n\t\t\t<\/div>\r\n<\/div>\r\n<div data-field-wrapper=\"fld_4305563\" class=\"form-group\" id=\"fld_4305563_1-wrap\">\r\n\t<label id=\"fld_4305563Label\" for=\"fld_4305563_1\" class=\"control-label\">Avez-vous bien compris les notions techniques et les services expliqu\u00e9s par votre interlocuteur ? <span aria-hidden=\"true\" role=\"presentation\" class=\"field_required\" style=\"color:#ee0000;\">*<\/span><\/label>\r\n\t<div class=\"\">\r\n\t\t<div style=\"position: relative;\">\n\t\t\t<div id=\"fld_4305563_1_stars\" style=\"color:#1e73be;font-size:13px;\" ><\/div>\n\t\t\t<input type=\"text\" name=\"fld_4305563\" data-field=\"fld_4305563\" class=\"form-control\" id=\"fld_4305563_1\" value=\"0\" data-type=\"star\"  required=\"required\" style=\"position: absolute; width: 0px; height: 0px; padding: 0px; bottom: 0px; left: 12px; opacity: 0; z-index: -1000;\" value=\"\" \/>\n\t\t<\/div>\n\t\t\t<\/div>\r\n<\/div>\r\n<div data-field-wrapper=\"fld_3299733\" class=\"form-group\" id=\"fld_3299733_1-wrap\">\r\n\t<label id=\"fld_3299733Label\" for=\"fld_3299733_1\" class=\"control-label\">Comment avez-vous trouv\u00e9 notre disponibilit\u00e9 et notre r\u00e9activit\u00e9 ? <span aria-hidden=\"true\" role=\"presentation\" class=\"field_required\" style=\"color:#ee0000;\">*<\/span><\/label>\r\n\t<div class=\"\">\r\n\t\t<div style=\"position: relative;\">\n\t\t\t<div id=\"fld_3299733_1_stars\" style=\"color:#1e73be;font-size:13px;\" ><\/div>\n\t\t\t<input type=\"text\" name=\"fld_3299733\" data-field=\"fld_3299733\" class=\"form-control\" id=\"fld_3299733_1\" value=\"0\" data-type=\"star\"  required=\"required\" style=\"position: absolute; width: 0px; height: 0px; padding: 0px; bottom: 0px; left: 12px; opacity: 0; z-index: -1000;\" value=\"\" \/>\n\t\t<\/div>\n\t\t\t<\/div>\r\n<\/div>\r\n<div data-field-wrapper=\"fld_6143303\" class=\"form-group\" id=\"fld_6143303_1-wrap\">\r\n\t<label id=\"fld_6143303Label\" for=\"fld_6143303_1\" class=\"control-label\">Notre intervention a t-elle r\u00e9pondue \u00e0 votre besoin ? <span aria-hidden=\"true\" role=\"presentation\" class=\"field_required\" style=\"color:#ee0000;\">*<\/span><\/label>\r\n\t<div class=\"\">\r\n\t\t<div style=\"position: relative;\">\n\t\t\t<div id=\"fld_6143303_1_stars\" style=\"color:#1e73be;font-size:13px;\" ><\/div>\n\t\t\t<input type=\"text\" name=\"fld_6143303\" data-field=\"fld_6143303\" class=\"form-control\" id=\"fld_6143303_1\" value=\"0\" data-type=\"star\"  required=\"required\" style=\"position: absolute; width: 0px; height: 0px; padding: 0px; bottom: 0px; left: 12px; opacity: 0; z-index: -1000;\" value=\"\" \/>\n\t\t<\/div>\n\t\t\t<\/div>\r\n<\/div>\r\n<div data-field-wrapper=\"fld_3496395\" class=\"form-group\" id=\"fld_3496395_1-wrap\">\r\n\t<label id=\"fld_3496395Label\" for=\"fld_3496395_1\" class=\"control-label\">Etes-vous globalement satisfait(e) de votre exp\u00e9rience avec Digital-Eyes ? <span aria-hidden=\"true\" role=\"presentation\" class=\"field_required\" style=\"color:#ee0000;\">*<\/span><\/label>\r\n\t<div class=\"\">\r\n\t\t<div style=\"position: relative;\">\n\t\t\t<div id=\"fld_3496395_1_stars\" style=\"color:#1e73be;font-size:13px;\" ><\/div>\n\t\t\t<input type=\"text\" name=\"fld_3496395\" data-field=\"fld_3496395\" class=\"form-control\" id=\"fld_3496395_1\" value=\"0\" data-type=\"star\"  required=\"required\" style=\"position: absolute; width: 0px; height: 0px; padding: 0px; bottom: 0px; left: 12px; opacity: 0; z-index: -1000;\" value=\"\" \/>\n\t\t<\/div>\n\t\t\t<\/div>\r\n<\/div>\r\n<div data-field-wrapper=\"fld_1835312\" class=\"form-group\" id=\"fld_1835312_1-wrap\">\r\n\t<label id=\"fld_1835312Label\" for=\"fld_1835312_1\" class=\"control-label\">Auriez-vous des remarques ou suggestions d\u2019am\u00e9lioration ?<\/label>\r\n\t<div class=\"\">\r\n\t\t<textarea name=\"fld_1835312\" value=\"\" data-field=\"fld_1835312\" class=\"form-control\" id=\"fld_1835312_1\" rows=\"4\"    aria-labelledby=\"fld_1835312Label\" ><\/textarea>\n\t\t\t<\/div>\r\n<\/div>\r\n<div data-field-wrapper=\"fld_7479282\" class=\"form-group cf-toggle-switch\" id=\"fld_7479282_1-wrap\">\r\n\t<label id=\"fld_7479282Label\" for=\"fld_7479282_1\" class=\"control-label\">Nous autorisez-vous \u00e0 citer votre entreprise dans notre liste de r\u00e9f\u00e9rences clients ? <span aria-hidden=\"true\" role=\"presentation\" class=\"field_required\" style=\"color:#ee0000;\">*<\/span><\/label>\r\n\t<div class=\"\">\r\n\t<div class=\"caldera-config-field init_field_type\" data-type=\"toggle_button\">\n\t\t<div class=\"cf-toggle-group-buttons btn-group\">\n\t\t\t<a id=\"fld_7479282_1_opt2056285\" data-label=\"Oui\" data-field=\"fld_7479282\" data-active=\"btn-success\" data-default=\"btn-default\" class=\"btn btn-default\" data-value=\"Oui\"  aria-labelledby=\"fld_7479282Label\" title=\"Choisir une optionOui\">Oui<\/a><a id=\"fld_7479282_1_opt1718916\" data-label=\"Non\" data-field=\"fld_7479282\" data-active=\"btn-success\" data-default=\"btn-default\" class=\"btn btn-default\" data-value=\"Non\"  aria-labelledby=\"fld_7479282Label\" title=\"Choisir une optionNon\">Non<\/a>\t\t\n\t\t<\/div>\n\t\t<div style=\"display:none;\" aria-hidden=\"true\">\n\t\t\t\t\t\t<input required=\"required\" type=\"radio\" id=\"fld_7479282_1_opt2056285\" data-label=\"Oui\" data-field=\"fld_7479282\" data-ref=\"fld_7479282_1_opt2056285\" class=\"cf-toggle-group-radio fld_7479282_1\" name=\"fld_7479282\" value=\"Oui\"  data-radio-field=\"fld_7479282_1\" data-calc-value=\"Oui\" >\n\t\t\t\t\t\t\t\t<input required=\"required\" type=\"radio\" id=\"fld_7479282_1_opt1718916\" data-label=\"Non\" data-field=\"fld_7479282\" data-ref=\"fld_7479282_1_opt1718916\" class=\"cf-toggle-group-radio fld_7479282_1\" name=\"fld_7479282\" value=\"Non\"  data-radio-field=\"fld_7479282_1\" data-calc-value=\"Non\" >\n\t\t\t\t<\/div>\n\t\t\t<\/div>\n\t<\/div>\r\n<\/div>\r\n<div data-field-wrapper=\"fld_4986696\" class=\"form-group\" id=\"fld_4986696_1-wrap\">\r\n\t<label id=\"fld_4986696Label\" for=\"fld_4986696_1\" class=\"control-label screen-reader-text sr-only\">Cochez cette case pour vous abonner \u00e0 notre newsletter<\/label>\r\n\t<div class=\"\">\r\n\t\t\t\t\t\t\t\t\t\t\t<div class=\"checkbox\">\n\t\t\t\t\n                <label                         for=\"fld_4986696_1_opt1139388\"\n                >\n                            <input\n                                                                type=\"checkbox\"\n                                data-label=\"Cochez cette case pour vous abonner \u00e0 notre newsletter\"\n                                data-field=\"fld_4986696\"\n                                id=\"fld_4986696_1_opt1139388\"\n                                class=\"fld_4986696_1\"\n                                name=\"fld_4986696[opt1139388]\"\n                                value=\"Cochez cette case pour vous abonner \u00e0 notre newsletter\"\n                                                                data-type=\"checkbox\"\n                                data-checkbox-field=\"fld_4986696_1\"\n                                                                data-calc-value=\"Cochez cette case pour vous abonner \u00e0 notre newsletter\"\n                            >\n                    Cochez cette case pour vous abonner \u00e0 notre newsletter                <\/label>\n\n                \t\t\t\t\t<\/div>\n\t\t\t\t\t\t\t\t\t\t<span id=\"fld_4986696Caption\" class=\"help-block\">En vous abonnant vous recevrez nos actualit\u00e9s mais \u00e9galement nos offres de parrainages et promotionnelles<\/span>\r\n\t<\/div>\r\n<\/div>\r\n<span class=\"caldera-forms-conditional-field\" role=\"region\" aria-live=\"polite\" id=\"conditional_fld_9424631_1\" data-field-id=\"fld_9424631_1\"><\/span><\/div><\/div><div id=\"CF5e3c99397477e_1-row-4\"  class=\"row \"><div  class=\"col-sm-12  single\"><div data-field-wrapper=\"fld_1214432\" class=\"form-group\" id=\"fld_1214432_1-wrap\">\r\n<div class=\"\">\r\n\n<div class=\"checkbox-inline caldera-forms-consent-field\">\n    <input data-parsley-required=\"true\" data-parsley-group=\"fld_1214432_1\" data-parsley-multiple=\"fld_1214432_1\"        type=\"checkbox\" data-label=\"rgpd\"\n        data-field=\"fld_1214432\"\n        id=\"fld_1214432_1\"\n        class=\"fld_1214432_1 option-required\"\n        name=\"fld_1214432\"\n        value=\"1\"\n        data-type=\"checkbox\"\n        data-checkbox-field=\"fld_1214432_1\"\n    >\n    <label for=\"fld_1214432_1\"\n           class=\"caldera-forms-gdpr-field-label\"\n           style=\"display:inline; margin-left: 0.5rem;\"\n    >\n                <p\n            class=\"caldera-forms-consent-field-agreement\"\n        >\n            j&#039;accepte votre         <\/p>\n        <a href=\"https:\/\/www.digital-eyes.fr\/fr\/rgpd\/\"\n           target=\"_blank\"\n                title=\"Page de politique de confidentialit\u00e9\"\n            class=\"caldera-forms-consent-field-linked_text\"\n            >\n            politique de confidentialit\u00e9        <\/a>\n    <\/label>\n    <span style=\"color:#ff0000;\">*<\/span>\n<\/div>\n\n<\/div>\r\n<\/div>\r\n<\/div><\/div><div id=\"CF5e3c99397477e_1-row-5\"  class=\"row  last_row\"><div  class=\"col-sm-12  single\"><div data-field-wrapper=\"fld_7803482\" class=\"form-group\" id=\"fld_7803482_1-wrap\">\r\n\t<label class=\"control-label\">&nbsp;<\/label>\n<div class=\"\">\r\n\t<input  class=\"et_pb_button et_pb_button_0 et_pb_bg_layout_light\" type=\"submit\" name=\"fld_7803482\" id=\"fld_7803482_1\" value=\"Soumettre vos r\u00e9ponses\" data-field=\"fld_7803482\"  >\n<\/div>\r\n<\/div>\r\n\t<input class=\"button_trigger_1\" type=\"hidden\" name=\"fld_7803482\" id=\"fld_7803482_1_btn\" value=\"\" data-field=\"fld_7803482\"  \/>\n<\/div><\/div><\/form>\r\n<\/div>\r\n<script type=\"text\/javascript\">\r\nif( typeof caldera_conditionals === \"undefined\" ){ var caldera_conditionals = {}; }caldera_conditionals.CF5e3c99397477e_1 = {\"fld_9424631_1\":{\"type\":\"show\",\"group\":{\"rw441456744001585\":{\"cl4750107366954697\":{\"parent\":\"rw441456744001585\",\"field\":\"fld_4986696\",\"compare\":\"is\",\"value\":\"Cochez cette case pour vous abonner \\u00e0 notre newsletter\",\"label\":\"Cochez cette case pour vous abonner \\u00e0 notre newsletter\"}}}}};\r\n<\/script>\r\n<script type=\"text\/html\" id=\"conditional-fld_9424631_1-tmpl\">\r\n<div data-field-wrapper=\"fld_9424631\" class=\"form-group\" id=\"fld_9424631_1-wrap\">\r\n\t<label id=\"fld_9424631Label\" for=\"fld_9424631_1\" class=\"control-label\">email <span aria-hidden=\"true\" role=\"presentation\" class=\"field_required\" style=\"color:#ee0000;\">*<\/span><\/label>\r\n\t<div class=\"\">\r\n\t\t<input   required type=\"email\" data-field=\"fld_9424631\" class=\" form-control\" id=\"fld_9424631_1\" name=\"fld_9424631\" value=\"\" data-type=\"email\" aria-required=\"true\"   aria-labelledby=\"fld_9424631Label\" >\t\t\t<\/div>\r\n<\/div>\r\n<\/script>\r\n[\/et_pb_code][\/et_pb_column][\/et_pb_row][\/et_pb_section]<\/p>\n","protected":false},"excerpt":{"rendered":"<p>Enqu\u00eate de satisfaction<\/p>\n","protected":false},"author":3,"featured_media":0,"parent":0,"menu_order":0,"comment_status":"closed","ping_status":"closed","template":"","meta":{"_et_pb_use_builder":"on","_et_pb_old_content":"","_et_gb_content_width":""},"_links":{"self":[{"href":"https:\/\/www.digital-eyes.fr\/fr\/wp-json\/wp\/v2\/pages\/1559"}],"collection":[{"href":"https:\/\/www.digital-eyes.fr\/fr\/wp-json\/wp\/v2\/pages"}],"about":[{"href":"https:\/\/www.digital-eyes.fr\/fr\/wp-json\/wp\/v2\/types\/page"}],"author":[{"embeddable":true,"href":"https:\/\/www.digital-eyes.fr\/fr\/wp-json\/wp\/v2\/users\/3"}],"replies":[{"embeddable":true,"href":"https:\/\/www.digital-eyes.fr\/fr\/wp-json\/wp\/v2\/comments?post=1559"}],"version-history":[{"count":9,"href":"https:\/\/www.digital-eyes.fr\/fr\/wp-json\/wp\/v2\/pages\/1559\/revisions"}],"predecessor-version":[{"id":5463,"href":"https:\/\/www.digital-eyes.fr\/fr\/wp-json\/wp\/v2\/pages\/1559\/revisions\/5463"}],"wp:attachment":[{"href":"https:\/\/www.digital-eyes.fr\/fr\/wp-json\/wp\/v2\/media?parent=1559"}],"curies":[{"name":"wp","href":"https:\/\/api.w.org\/{rel}","templated":true}]}}