{"id":364,"date":"2018-08-30T11:42:34","date_gmt":"2018-08-30T10:42:34","guid":{"rendered":"https:\/\/www.digital-eyes.fr\/fr\/?page_id=364"},"modified":"2023-08-30T09:56:25","modified_gmt":"2023-08-30T08:56:25","slug":"informaticien-trets","status":"publish","type":"page","link":"https:\/\/www.digital-eyes.fr\/fr\/informaticien-trets\/","title":{"rendered":"S\u00e9curit\u00e9 informatique, partage de donn\u00e9es, et conception de site internet \u00e0 Trets"},"content":{"rendered":"<p>[et_pb_section fb_built=&#8221;1&#8243; _builder_version=&#8221;4.17.6&#8243; background_color=&#8221;#102F46&#8243; use_background_color_gradient=&#8221;on&#8221; background_color_gradient_stops=&#8221;#08385b 0%|#001523 100%&#8221; background_color_gradient_start=&#8221;#08385b&#8221; background_color_gradient_end=&#8221;#001523&#8243; custom_margin=&#8221;-215px||||false|false&#8221; custom_padding=&#8221;250px||42px|0px|false|false&#8221; top_divider_color=&#8221;#226699&#8243; background_color_gradient_stops_tablet=&#8221;#08385b 0%|#001523 100%&#8221; background_color_gradient_stops_phone=&#8221;#08385b 0%|#001523 100%&#8221; border_width_bottom=&#8221;3px&#8221; border_color_bottom=&#8221;#F89838&#8243; box_shadow_style=&#8221;preset3&#8243; global_module=&#8221;2284&#8243; saved_tabs=&#8221;all&#8221; locked=&#8221;off&#8221; global_colors_info=&#8221;{}&#8221;][et_pb_row _builder_version=&#8221;4.18.0&#8243; _module_preset=&#8221;default&#8221; global_colors_info=&#8221;{}&#8221;][et_pb_column type=&#8221;4_4&#8243; _builder_version=&#8221;4.16&#8243; _module_preset=&#8221;default&#8221; global_colors_info=&#8221;{}&#8221;][et_pb_text _builder_version=&#8221;4.18.0&#8243; _dynamic_attributes=&#8221;content&#8221; _module_preset=&#8221;default&#8221; text_orientation=&#8221;center&#8221; background_layout=&#8221;dark&#8221; animation_direction=&#8221;top&#8221; global_colors_info=&#8221;{}&#8221;]@ET-DC@eyJkeW5hbWljIjp0cnVlLCJjb250ZW50IjoicG9zdF9leGNlcnB0Iiwic2V0dGluZ3MiOnsiYmVmb3JlIjoiPGgxPiIsImFmdGVyIjoiPC9oMT4iLCJ3b3JkcyI6IiIsInJlYWRfbW9yZV9sYWJlbCI6IiJ9fQ==@[\/et_pb_text][\/et_pb_column][\/et_pb_row][\/et_pb_section][et_pb_section fb_built=&#8221;1&#8243; _builder_version=&#8221;4.16&#8243; custom_padding=&#8221;3px|0px|0|0|false|false&#8221; global_colors_info=&#8221;{}&#8221;][et_pb_row _builder_version=&#8221;4.16&#8243; global_colors_info=&#8221;{}&#8221;][et_pb_column type=&#8221;4_4&#8243; _builder_version=&#8221;4.16&#8243; custom_padding=&#8221;|||&#8221; global_colors_info=&#8221;{}&#8221; custom_padding__hover=&#8221;|||&#8221;][et_pb_text _builder_version=&#8221;4.16&#8243; _module_preset=&#8221;default&#8221; global_colors_info=&#8221;{}&#8221;]<\/p>\n<p>Vous cherchez un interlocuteur de confiance, pouvant vous accompagner sur un large panel de sp\u00e9cialit\u00e9s informatiques, plus particuli\u00e8rement pour la s\u00e9curisation informatique, la protection des biens et des donn\u00e9es, le d\u00e9veloppement d&#8217;application ou la r\u00e9alisation de votre site internet, alors remplissez ce formulaire pour prendre contact avec nous.<\/p>\n<p>[\/et_pb_text][\/et_pb_column][\/et_pb_row][et_pb_row column_structure=&#8221;1_2,1_2&#8243; _builder_version=&#8221;4.16&#8243; global_colors_info=&#8221;{}&#8221;][et_pb_column type=&#8221;1_2&#8243; _builder_version=&#8221;4.16&#8243; custom_padding=&#8221;|||&#8221; global_colors_info=&#8221;{}&#8221; custom_padding__hover=&#8221;|||&#8221;][et_pb_blurb title=&#8221;Horaires&#8221; image=&#8221;https:\/\/www.digital-eyes.fr\/wp-content\/uploads\/2019\/03\/agenda-2296195_light-e1553768268729.jpg&#8221; _builder_version=&#8221;4.16&#8243; global_colors_info=&#8221;{}&#8221;]<\/p>\n<p>Nous sommes disponibles pour toute relation commerciale ou de support :<\/p>\n<p>lundi : 09:00\u201312:00, 14:00\u201319:00<br \/>mardi :\u00a009:00\u201312:00, 14:00\u201319:00<br \/>mercredi :\u00a009:00\u201312:00, 14:00\u201319:00<br \/>jeudi :\u00a009:00\u201312:00, 14:00\u201319:00<br \/>vendredi :\u00a009:00\u201312:00, 14:00\u201319:00<br \/>samedi : Ferm\u00e9<br \/>dimanche : Ferm\u00e9<\/p>\n<p><span style=\"font-size: medium;\"><em>Pour nos clients, nous assurons \u00e9galement une disponibilit\u00e9 hors jours ouvr\u00e9s pour toute demande urgente n\u00e9cessitant un support.<\/em><\/span><\/p>\n<p>[\/et_pb_blurb][\/et_pb_column][et_pb_column type=&#8221;1_2&#8243; _builder_version=&#8221;4.16&#8243; custom_padding=&#8221;|||&#8221; global_colors_info=&#8221;{}&#8221; custom_padding__hover=&#8221;|||&#8221;][et_pb_blurb title=&#8221;Rayon d&#8217;action&#8221; url=&#8221;https:\/\/www.digital-eyes.fr\/wp-content\/uploads\/2019\/03\/rayondaction-distance.jpg&#8221; url_new_window=&#8221;on&#8221; image=&#8221;https:\/\/www.digital-eyes.fr\/wp-content\/uploads\/2019\/03\/rayondaction-distance-1024&#215;507.jpg&#8221; _builder_version=&#8221;4.18.0&#8243; link_option_url=&#8221;https:\/\/www.digital-eyes.fr\/wp-content\/uploads\/2019\/03\/rayondaction-distance.jpg&#8221; link_option_url_new_window=&#8221;on&#8221; global_colors_info=&#8221;{}&#8221;]<\/p>\n<p>Notre si\u00e8ge est situ\u00e9 \u00e0 Trets (13530 &#8211; France). Nous intervenons en Provence Alpes C\u00f4tes d&#8217;Azur (PACA) et en Occitanie, particuli\u00e8rement dans les Bouches-du-Rh\u00f4ne et le Var. <\/p>\n<p>[\/et_pb_blurb][et_pb_text _builder_version=&#8221;4.18.0&#8243; _module_preset=&#8221;default&#8221; text_orientation=&#8221;center&#8221; custom_margin=&#8221;0px|0px|0px|0px|true|true&#8221; custom_padding=&#8221;8px|8px|8px|8px|true|true&#8221; border_radii=&#8221;on|8px|8px|8px|8px&#8221; global_module=&#8221;7967&#8243; global_colors_info=&#8221;{}&#8221;]<\/p>\n<p><span style=\"font-size: medium;\">Nos d\u00e9placements sont gratuits dans un rayon de 35km :<\/span><\/p>\n<p><span style=\"font-size: small;\">Trets, Peynier, Rousset, Fuveau, Saint-Zacharie, Saint-Maximin-la-Sainte-Baume, Pourri\u00e8res, Puyloubier, Chateauneuf-le-Rouge, Gardanne, Meyreuil, Mimet, Cadolive, La Bouilladisse, Belcod\u00e8ne, Gr\u00e9asque, Pourcieux, Olli\u00e8res, Roquevaire, Auriol, Rougiers, Nans-les-Pins, Tourves, Plan d&#8217;Aups, Bras, Seillons-Source d&#8217;Argens, Rians, Aix-en-Provence, Beaurecueil, Bouc-Bel-Air, Allauch, Aubagne, Gemenos, Brignoles&#8230;<\/span><\/p>\n<p>[\/et_pb_text][et_pb_text _builder_version=&#8221;4.18.0&#8243; _module_preset=&#8221;default&#8221; global_colors_info=&#8221;{}&#8221;]<\/p>\n<p>Selon vos besoins, nous pouvons toutefois \u00e9largir ce rayon d&#8217;action et travailler ensemble quelque soit votre localisation.<\/p>\n<p>[\/et_pb_text][\/et_pb_column][\/et_pb_row][et_pb_row _builder_version=&#8221;4.16&#8243; custom_padding=&#8221;0|0px|25.5938px|0px|false|false&#8221; global_colors_info=&#8221;{}&#8221;][et_pb_column type=&#8221;4_4&#8243; _builder_version=&#8221;4.16&#8243; custom_padding=&#8221;|||&#8221; global_colors_info=&#8221;{}&#8221; custom_padding__hover=&#8221;|||&#8221;][et_pb_contact_form use_spam_service=&#8221;on&#8221; recaptcha_list=&#8221;Digital-Eyes|Digital-Eyes-0&#8243; email=&#8221;contact@digital-eyes.fr&#8221; title=&#8221;Ecrivez-nous&#8221; use_redirect=&#8221;on&#8221; redirect_url=&#8221;\/message-envoye\/&#8221; success_message=&#8221;message en cours d&#8217;envoi&#8230;&#8221; submit_button_text=&#8221;Envoyer le message&#8221; _builder_version=&#8221;4.21.0&#8243; _unique_id=&#8221;db5112e8-426a-42f4-aaa7-c95f397d5e98&#8243; form_field_background_color=&#8221;rgba(0,0,0,0)&#8221; form_field_text_color=&#8221;#4c4c4c&#8221; title_font=&#8221;||||||||&#8221; form_field_font=&#8221;||||||||&#8221; animation_style=&#8221;fade&#8221; hover_enabled=&#8221;0&#8243; border_radii=&#8221;on|8px|8px|8px|8px&#8221; border_width_all=&#8221;2px&#8221; border_color_all=&#8221;#016699&#8243; form_background_color=&#8221;rgba(173,173,173,0.13)&#8221; global_colors_info=&#8221;{}&#8221; sticky_enabled=&#8221;0&#8243;][et_pb_contact_field field_id=&#8221;Firstname&#8221; field_title=&#8221;Pr\u00e9nom&#8221; _builder_version=&#8221;4.16&#8243; global_colors_info=&#8221;{}&#8221; button_text_size__hover_enabled=&#8221;off&#8221; button_one_text_size__hover_enabled=&#8221;off&#8221; button_two_text_size__hover_enabled=&#8221;off&#8221; button_text_color__hover_enabled=&#8221;off&#8221; button_one_text_color__hover_enabled=&#8221;off&#8221; button_two_text_color__hover_enabled=&#8221;off&#8221; button_border_width__hover_enabled=&#8221;off&#8221; button_one_border_width__hover_enabled=&#8221;off&#8221; button_two_border_width__hover_enabled=&#8221;off&#8221; button_border_color__hover_enabled=&#8221;off&#8221; button_one_border_color__hover_enabled=&#8221;off&#8221; button_two_border_color__hover_enabled=&#8221;off&#8221; button_border_radius__hover_enabled=&#8221;off&#8221; button_one_border_radius__hover_enabled=&#8221;off&#8221; button_two_border_radius__hover_enabled=&#8221;off&#8221; button_letter_spacing__hover_enabled=&#8221;off&#8221; button_one_letter_spacing__hover_enabled=&#8221;off&#8221; button_two_letter_spacing__hover_enabled=&#8221;off&#8221; button_bg_color__hover_enabled=&#8221;off&#8221; button_one_bg_color__hover_enabled=&#8221;off&#8221; button_two_bg_color__hover_enabled=&#8221;off&#8221;][\/et_pb_contact_field][et_pb_contact_field field_id=&#8221;Lastname&#8221; field_title=&#8221;Nom&#8221; _builder_version=&#8221;4.16&#8243; global_colors_info=&#8221;{}&#8221; button_text_size__hover_enabled=&#8221;off&#8221; button_one_text_size__hover_enabled=&#8221;off&#8221; button_two_text_size__hover_enabled=&#8221;off&#8221; button_text_color__hover_enabled=&#8221;off&#8221; button_one_text_color__hover_enabled=&#8221;off&#8221; button_two_text_color__hover_enabled=&#8221;off&#8221; button_border_width__hover_enabled=&#8221;off&#8221; button_one_border_width__hover_enabled=&#8221;off&#8221; button_two_border_width__hover_enabled=&#8221;off&#8221; button_border_color__hover_enabled=&#8221;off&#8221; button_one_border_color__hover_enabled=&#8221;off&#8221; button_two_border_color__hover_enabled=&#8221;off&#8221; button_border_radius__hover_enabled=&#8221;off&#8221; button_one_border_radius__hover_enabled=&#8221;off&#8221; button_two_border_radius__hover_enabled=&#8221;off&#8221; button_letter_spacing__hover_enabled=&#8221;off&#8221; button_one_letter_spacing__hover_enabled=&#8221;off&#8221; button_two_letter_spacing__hover_enabled=&#8221;off&#8221; button_bg_color__hover_enabled=&#8221;off&#8221; button_one_bg_color__hover_enabled=&#8221;off&#8221; button_two_bg_color__hover_enabled=&#8221;off&#8221;][\/et_pb_contact_field][et_pb_contact_field field_id=&#8221;mail&#8221; field_title=&#8221;Adresse e-mail&#8221; field_type=&#8221;email&#8221; fullwidth_field=&#8221;on&#8221; _builder_version=&#8221;4.16&#8243; form_field_font=&#8221;||||||||&#8221; text_orientation=&#8221;left&#8221; global_colors_info=&#8221;{}&#8221; button_text_size__hover_enabled=&#8221;off&#8221; button_one_text_size__hover_enabled=&#8221;off&#8221; button_two_text_size__hover_enabled=&#8221;off&#8221; button_text_color__hover_enabled=&#8221;off&#8221; button_one_text_color__hover_enabled=&#8221;off&#8221; button_two_text_color__hover_enabled=&#8221;off&#8221; button_border_width__hover_enabled=&#8221;off&#8221; button_one_border_width__hover_enabled=&#8221;off&#8221; button_two_border_width__hover_enabled=&#8221;off&#8221; button_border_color__hover_enabled=&#8221;off&#8221; button_one_border_color__hover_enabled=&#8221;off&#8221; button_two_border_color__hover_enabled=&#8221;off&#8221; button_border_radius__hover_enabled=&#8221;off&#8221; button_one_border_radius__hover_enabled=&#8221;off&#8221; button_two_border_radius__hover_enabled=&#8221;off&#8221; button_letter_spacing__hover_enabled=&#8221;off&#8221; button_one_letter_spacing__hover_enabled=&#8221;off&#8221; button_two_letter_spacing__hover_enabled=&#8221;off&#8221; button_bg_color__hover_enabled=&#8221;off&#8221; button_one_bg_color__hover_enabled=&#8221;off&#8221; button_two_bg_color__hover_enabled=&#8221;off&#8221;][\/et_pb_contact_field][et_pb_contact_field field_id=&#8221;type&#8221; field_title=&#8221;Vous \u00eates&#8221; field_type=&#8221;select&#8221; select_options=&#8221;%91{%22value%22:%22un particulier%22,%22checked%22:0,%22dragID%22:-1},{%22dragID%22:0,%22value%22:%22un artisan%22,%22checked%22:0},{%22dragID%22:1,%22value%22:%22un professionnel lib\u00e9ral%22,%22checked%22:0},{%22dragID%22:2,%22value%22:%22une association%22,%22checked%22:0},{%22dragID%22:3,%22value%22:%22une SCP%22,%22checked%22:0},{%22dragID%22:4,%22value%22:%22une TPE%22,%22checked%22:0},{%22dragID%22:5,%22value%22:%22une PME%22,%22checked%22:0}%93&#8243; fullwidth_field=&#8221;on&#8221; _builder_version=&#8221;4.16&#8243; global_colors_info=&#8221;{}&#8221;][\/et_pb_contact_field][et_pb_contact_field field_id=&#8221;Societe&#8221; field_title=&#8221;Soci\u00e9t\u00e9&#8221; fullwidth_field=&#8221;on&#8221; conditional_logic=&#8221;on&#8221; conditional_logic_relation=&#8221;on&#8221; conditional_logic_rules=&#8221;%91{%22field%22:%22type%22,%22condition%22:%22is not%22,%22value%22:%22un particulier%22}%93&#8243; _builder_version=&#8221;4.16&#8243; global_colors_info=&#8221;{}&#8221;][\/et_pb_contact_field][et_pb_contact_field field_id=&#8221;Souhaits&#8221; field_title=&#8221;Vous souhaitez&#8221; field_type=&#8221;checkbox&#8221; checkbox_options=&#8221;%91{%22value%22:%22Un audit personnalis\u00e9%22,%22checked%22:0,%22dragID%22:-1},{%22dragID%22:0,%22value%22:%22recevoir des informations sur nos services%22,%22checked%22:0},{%22dragID%22:1,%22value%22:%22\u00eatre contact\u00e9%22,%22checked%22:0}%93&#8243; fullwidth_field=&#8221;on&#8221; _builder_version=&#8221;4.16&#8243; form_field_font=&#8221;||||||||&#8221; global_colors_info=&#8221;{}&#8221;][\/et_pb_contact_field][et_pb_contact_field field_id=&#8221;reference&#8221; field_title=&#8221;Comment vous nous avez trouv\u00e9 ?&#8221; field_type=&#8221;checkbox&#8221; checkbox_options=&#8221;%91{%22value%22:%22par un moteur de recherche%22,%22checked%22:0,%22dragID%22:-1},{%22dragID%22:0,%22value%22:%22par recommandation%22,%22checked%22:0},{%22dragID%22:1,%22value%22:%22par r\u00e9seaux sociaux ou lien sur un autre site internet%22,%22checked%22:0},{%22value%22:%22avec carte de visite, tract, &#8230;%22,%22checked%22:0,%22dragID%22:2},{%22value%22:%22par un autre moyen%22,%22checked%22:0,%22dragID%22:3}%93&#8243; required_mark=&#8221;off&#8221; fullwidth_field=&#8221;on&#8221; _builder_version=&#8221;4.16&#8243; form_field_font=&#8221;||||||||&#8221; global_colors_info=&#8221;{}&#8221;][\/et_pb_contact_field][et_pb_contact_field field_id=&#8221;Message&#8221; field_title=&#8221;Commentaires\/questions&#8221; field_type=&#8221;text&#8221; fullwidth_field=&#8221;on&#8221; _builder_version=&#8221;4.16&#8243; global_colors_info=&#8221;{}&#8221; button_text_size__hover_enabled=&#8221;off&#8221; button_one_text_size__hover_enabled=&#8221;off&#8221; button_two_text_size__hover_enabled=&#8221;off&#8221; button_text_color__hover_enabled=&#8221;off&#8221; button_one_text_color__hover_enabled=&#8221;off&#8221; button_two_text_color__hover_enabled=&#8221;off&#8221; button_border_width__hover_enabled=&#8221;off&#8221; button_one_border_width__hover_enabled=&#8221;off&#8221; button_two_border_width__hover_enabled=&#8221;off&#8221; button_border_color__hover_enabled=&#8221;off&#8221; button_one_border_color__hover_enabled=&#8221;off&#8221; button_two_border_color__hover_enabled=&#8221;off&#8221; button_border_radius__hover_enabled=&#8221;off&#8221; button_one_border_radius__hover_enabled=&#8221;off&#8221; button_two_border_radius__hover_enabled=&#8221;off&#8221; button_letter_spacing__hover_enabled=&#8221;off&#8221; button_one_letter_spacing__hover_enabled=&#8221;off&#8221; button_two_letter_spacing__hover_enabled=&#8221;off&#8221; button_bg_color__hover_enabled=&#8221;off&#8221; button_one_bg_color__hover_enabled=&#8221;off&#8221; button_two_bg_color__hover_enabled=&#8221;off&#8221;][\/et_pb_contact_field][et_pb_contact_field field_id=&#8221;rgpd&#8221; field_title=&#8221;Confidentialit\u00e9&#8221; field_type=&#8221;checkbox&#8221; checkbox_options=&#8221;%91{%22value%22:%22J&#8217;accepte votre Politique de Confidentialit\u00e9%22,%22checked%22:0,%22dragID%22:-1}%93&#8243; fullwidth_field=&#8221;on&#8221; _builder_version=&#8221;4.16&#8243; background_color=&#8221;rgba(248,152,56,0.18)&#8221; link_option_url=&#8221;\/rgpd\/&#8221; global_colors_info=&#8221;{}&#8221;][\/et_pb_contact_field][\/et_pb_contact_form][\/et_pb_column][\/et_pb_row][et_pb_row _builder_version=&#8221;4.16&#8243; global_colors_info=&#8221;{}&#8221;][et_pb_column type=&#8221;4_4&#8243; _builder_version=&#8221;4.16&#8243; custom_padding=&#8221;|||&#8221; global_colors_info=&#8221;{}&#8221; custom_padding__hover=&#8221;|||&#8221;][et_pb_image url=&#8221;http:\/\/bit.ly\/2V0QuOv&#8221; align_tablet=&#8221;center&#8221; align_phone=&#8221;&#8221; align_last_edited=&#8221;on|desktop&#8221; _builder_version=&#8221;4.16&#8243; global_colors_info=&#8221;{}&#8221;][\/et_pb_image][\/et_pb_column][\/et_pb_row][\/et_pb_section]<\/p>\n","protected":false},"excerpt":{"rendered":"<p>Prestations de service informatique \u00e0 Trets, Bouches-du-Rh\u00f4ne, Var<\/p>\n","protected":false},"author":26,"featured_media":0,"parent":0,"menu_order":0,"comment_status":"closed","ping_status":"closed","template":"","meta":{"_et_pb_use_builder":"on","_et_pb_old_content":"","_et_gb_content_width":""},"_links":{"self":[{"href":"https:\/\/www.digital-eyes.fr\/fr\/wp-json\/wp\/v2\/pages\/364"}],"collection":[{"href":"https:\/\/www.digital-eyes.fr\/fr\/wp-json\/wp\/v2\/pages"}],"about":[{"href":"https:\/\/www.digital-eyes.fr\/fr\/wp-json\/wp\/v2\/types\/page"}],"author":[{"embeddable":true,"href":"https:\/\/www.digital-eyes.fr\/fr\/wp-json\/wp\/v2\/users\/26"}],"replies":[{"embeddable":true,"href":"https:\/\/www.digital-eyes.fr\/fr\/wp-json\/wp\/v2\/comments?post=364"}],"version-history":[{"count":74,"href":"https:\/\/www.digital-eyes.fr\/fr\/wp-json\/wp\/v2\/pages\/364\/revisions"}],"predecessor-version":[{"id":8058,"href":"https:\/\/www.digital-eyes.fr\/fr\/wp-json\/wp\/v2\/pages\/364\/revisions\/8058"}],"wp:attachment":[{"href":"https:\/\/www.digital-eyes.fr\/fr\/wp-json\/wp\/v2\/media?parent=364"}],"curies":[{"name":"wp","href":"https:\/\/api.w.org\/{rel}","templated":true}]}}