{"id":371,"date":"2018-09-26T06:28:54","date_gmt":"2018-09-26T06:28:54","guid":{"rendered":"https:\/\/www.digital-eyes.fr\/fr\/?page_id=371"},"modified":"2022-06-26T10:27:19","modified_gmt":"2022-06-26T09:27:19","slug":"test-connaissances","status":"publish","type":"page","link":"https:\/\/www.digital-eyes.fr\/fr\/test-connaissances\/","title":{"rendered":"Testez-vous"},"content":{"rendered":"<p>[et_pb_section fb_built=&#8221;1&#8243; _builder_version=&#8221;4.16&#8243; background_color=&#8221;#102F46&#8243; use_background_color_gradient=&#8221;on&#8221; background_color_gradient_stops=&#8221;#08385b 0%|#001523 100%&#8221; background_color_gradient_start=&#8221;#08385b&#8221; background_color_gradient_end=&#8221;#001523&#8243; custom_margin=&#8221;-200px||||false|false&#8221; custom_padding=&#8221;250px||42px|0px|false|false&#8221; top_divider_color=&#8221;#226699&#8243; background_color_gradient_stops_tablet=&#8221;#08385b 0%|#001523 100%&#8221; background_color_gradient_stops_phone=&#8221;#08385b 0%|#001523 100%&#8221; border_width_bottom=&#8221;3px&#8221; border_color_bottom=&#8221;#F89838&#8243; box_shadow_style=&#8221;preset3&#8243; global_module=&#8221;2284&#8243; saved_tabs=&#8221;all&#8221; locked=&#8221;off&#8221; global_colors_info=&#8221;{}&#8221;][et_pb_row _builder_version=&#8221;4.16&#8243; _module_preset=&#8221;default&#8221; animation_style=&#8221;slide&#8221; animation_duration=&#8221;650ms&#8221; animation_intensity_slide=&#8221;100%&#8221; animation_starting_opacity=&#8221;60%&#8221; global_colors_info=&#8221;{}&#8221;][et_pb_column type=&#8221;4_4&#8243; _builder_version=&#8221;4.16&#8243; _module_preset=&#8221;default&#8221; global_colors_info=&#8221;{}&#8221;][et_pb_text _builder_version=&#8221;4.16&#8243; _dynamic_attributes=&#8221;content&#8221; _module_preset=&#8221;default&#8221; text_orientation=&#8221;center&#8221; background_layout=&#8221;dark&#8221; animation_style=&#8221;slide&#8221; animation_direction=&#8221;top&#8221; animation_duration=&#8221;700ms&#8221; animation_intensity_slide=&#8221;100%&#8221; animation_starting_opacity=&#8221;100%&#8221; global_colors_info=&#8221;{}&#8221;]@ET-DC@eyJkeW5hbWljIjp0cnVlLCJjb250ZW50IjoicG9zdF9leGNlcnB0Iiwic2V0dGluZ3MiOnsiYmVmb3JlIjoiPGgxPiIsImFmdGVyIjoiPC9oMT4iLCJ3b3JkcyI6IiIsInJlYWRfbW9yZV9sYWJlbCI6IiJ9fQ==@[\/et_pb_text][\/et_pb_column][\/et_pb_row][\/et_pb_section][et_pb_section fb_built=&#8221;1&#8243; admin_label=&#8221;section&#8221; _builder_version=&#8221;4.16&#8243; custom_padding=&#8221;62px|0px|61.2px|0px|false|false&#8221; global_colors_info=&#8221;{}&#8221;][et_pb_row column_structure=&#8221;1_3,1_3,1_3&#8243; _builder_version=&#8221;4.16&#8243; global_colors_info=&#8221;{}&#8221;][et_pb_column type=&#8221;1_3&#8243; _builder_version=&#8221;4.16&#8243; global_colors_info=&#8221;{}&#8221;][et_pb_blurb title=&#8221;Quiz Facile&#8221; url=&#8221;@ET-DC@eyJkeW5hbWljIjp0cnVlLCJjb250ZW50IjoicG9zdF9saW5rX3VybF9wb3N0Iiwic2V0dGluZ3MiOnsicG9zdF9pZCI6IjE1OTUifX0=@&#8221; image=&#8221;https:\/\/media.giphy.com\/media\/12t3Ffj8xT9zJ6\/source.gif&#8221; _builder_version=&#8221;4.16&#8243; _dynamic_attributes=&#8221;url&#8221; global_colors_info=&#8221;{}&#8221;]<\/p>\n<p><span>Vous avez 2 minutes pour r\u00e9pondre aux 6 questions. Vous \u00eates pr\u00eat ?<\/span><\/p>\n<p>[\/et_pb_blurb][et_pb_button button_text=&#8221;Jouer au quiz facile&#8221; _builder_version=&#8221;4.17.4&#8243; _module_preset=&#8221;default&#8221; button_alignment=&#8221;center&#8221; button_url=&#8221;@ET-DC@eyJkeW5hbWljIjp0cnVlLCJjb250ZW50IjoicG9zdF9saW5rX3VybF9wb3N0Iiwic2V0dGluZ3MiOnsicG9zdF9pZCI6IjE1OTUifX0=@&#8221; _dynamic_attributes=&#8221;button_url&#8221; hover_enabled=&#8221;0&#8243; sticky_enabled=&#8221;0&#8243;][\/et_pb_button][\/et_pb_column][et_pb_column type=&#8221;1_3&#8243; _builder_version=&#8221;4.16&#8243; global_colors_info=&#8221;{}&#8221;][et_pb_blurb title=&#8221;Quiz Interm\u00e9diaire&#8221; url=&#8221;@ET-DC@eyJkeW5hbWljIjp0cnVlLCJjb250ZW50IjoicG9zdF9saW5rX3VybF9wb3N0Iiwic2V0dGluZ3MiOnsicG9zdF9pZCI6IjE2MTkifX0=@&#8221; image=&#8221;https:\/\/media.giphy.com\/media\/rfsS66RxZakp2\/source.gif&#8221; _builder_version=&#8221;4.16&#8243; _dynamic_attributes=&#8221;url&#8221; global_colors_info=&#8221;{}&#8221;]<\/p>\n<p><span>Vous avez 2 minutes pour r\u00e9pondre \u00e0 12 questions. Vous pensez \u00eatre rapide ?<\/span><\/p>\n<p>[\/et_pb_blurb][et_pb_button button_text=&#8221;Testez-vos connaissances&#8221; _builder_version=&#8221;4.17.4&#8243; _module_preset=&#8221;default&#8221; button_alignment=&#8221;center&#8221; button_url=&#8221;@ET-DC@eyJkeW5hbWljIjp0cnVlLCJjb250ZW50IjoicG9zdF9saW5rX3VybF9wb3N0Iiwic2V0dGluZ3MiOnsicG9zdF9pZCI6IjE2MTkifX0=@&#8221; _dynamic_attributes=&#8221;button_url&#8221; hover_enabled=&#8221;0&#8243; sticky_enabled=&#8221;0&#8243; locked=&#8221;off&#8221;][\/et_pb_button][\/et_pb_column][et_pb_column type=&#8221;1_3&#8243; _builder_version=&#8221;4.16&#8243; global_colors_info=&#8221;{}&#8221;][et_pb_blurb title=&#8221;Quiz Avanc\u00e9&#8221; image=&#8221;https:\/\/media.giphy.com\/media\/MM0Jrc8BHKx3y\/source.gif&#8221; _builder_version=&#8221;4.16&#8243; _dynamic_attributes=&#8221;link_option_url&#8221; link_option_url=&#8221;@ET-DC@eyJkeW5hbWljIjp0cnVlLCJjb250ZW50IjoicG9zdF9saW5rX3VybF9wb3N0Iiwic2V0dGluZ3MiOnsicG9zdF9pZCI6IjE2NzIifX0=@&#8221; global_colors_info=&#8221;{}&#8221;]<\/p>\n<p><span>Vous avez 2 minutes pour r\u00e9pondre \u00e0 un max de questions. Va pas falloir perdre votre temps !<\/span><\/p>\n<p>[\/et_pb_blurb][et_pb_button button_text=&#8221;R U Hackerman ?&#8221; _builder_version=&#8221;4.17.4&#8243; _module_preset=&#8221;default&#8221; button_alignment=&#8221;center&#8221; button_url=&#8221;@ET-DC@eyJkeW5hbWljIjp0cnVlLCJjb250ZW50IjoicG9zdF9saW5rX3VybF9wb3N0Iiwic2V0dGluZ3MiOnsicG9zdF9pZCI6IjE2NzIifX0=@&#8221; _dynamic_attributes=&#8221;button_url&#8221; hover_enabled=&#8221;0&#8243; sticky_enabled=&#8221;0&#8243; locked=&#8221;off&#8221;][\/et_pb_button][\/et_pb_column][\/et_pb_row][et_pb_row disabled_on=&#8221;off|off|off&#8221; _builder_version=&#8221;4.16&#8243; global_colors_info=&#8221;{}&#8221;][et_pb_column type=&#8221;4_4&#8243; _builder_version=&#8221;4.16&#8243; global_colors_info=&#8221;{}&#8221;][et_pb_text _builder_version=&#8221;4.16&#8243; global_colors_info=&#8221;{}&#8221;]<\/p>\n<h3>Classement Top 5 :<\/h3>\n<p>[\/et_pb_text][et_pb_text _builder_version=&#8221;4.16&#8243; global_colors_info=&#8221;{}&#8221;]<\/p>\n<h4>Quiz Avanc\u00e9 :<\/h4>\n<p>[\/et_pb_text][et_pb_code _builder_version=&#8221;4.16&#8243; global_colors_info=&#8221;{}&#8221;]                <style>                                    <\/style><div class='ays_lb_container ays-leaderboard-main-container'>                <table class='ays_lb_ul ' style='width: 100%;'>                    <thead>                        <tr class='ays_lb_li' style='background: #ffffff;'><th class='ays_lb_pos'>Pos.<\/th><th class='ays_lb_user'>Nom<\/th><th class='ays_lb_score'>Score<\/th><th class='ays_lb_duration'>Dur\u00e9e<\/th><\/tr>                    <\/thead>                    <tbody><tr class='ays_lb_li'><td class='ays_lb_pos'>1<\/td><td class='ays_lb_user'>Adrien NOUAILLER<\/td><td class='ays_lb_score'>88 %<\/td><td class='ays_lb_duration' data-order='122'>2 minutes 2 secondes<\/td><\/tr><tr class='ays_lb_li'><td class='ays_lb_pos'>2<\/td><td class='ays_lb_user'>Paul-Emeric Willette<\/td><td class='ays_lb_score'>78 %<\/td><td class='ays_lb_duration' data-order='122'>2 minutes 2 secondes<\/td><\/tr><tr class='ays_lb_li'><td class='ays_lb_pos'>3<\/td><td class='ays_lb_user'>R\u00e9mi LAFORGUE<\/td><td class='ays_lb_score'>69 %<\/td><td class='ays_lb_duration' data-order='122'>2 minutes 2 secondes<\/td><\/tr><tr class='ays_lb_li'><td class='ays_lb_pos'>4<\/td><td class='ays_lb_user'>Franck Ricci<\/td><td class='ays_lb_score'>61 %<\/td><td class='ays_lb_duration' data-order='122'>2 minutes 2 secondes<\/td><\/tr><tr class='ays_lb_li'><td class='ays_lb_pos'>5<\/td><td class='ays_lb_user'>El GRINGO<\/td><td class='ays_lb_score'>61 %<\/td><td class='ays_lb_duration' data-order='122'>2 minutes 2 secondes<\/td><\/tr><\/tbody>                    <\/table>                <\/div>[\/et_pb_code][et_pb_text _builder_version=&#8221;4.16&#8243; global_colors_info=&#8221;{}&#8221;]<\/p>\n<h4>Quiz Interm\u00e9diaire:<\/h4>\n<p>[\/et_pb_text][et_pb_code _builder_version=&#8221;4.16&#8243; global_colors_info=&#8221;{}&#8221;]                <style>                                    <\/style><div class='ays_lb_container ays-leaderboard-main-container'>                <table class='ays_lb_ul ' style='width: 100%;'>                    <thead>                        <tr class='ays_lb_li' style='background: #ffffff;'><th class='ays_lb_pos'>Pos.<\/th><th class='ays_lb_user'>Nom<\/th><th class='ays_lb_score'>Score<\/th><th class='ays_lb_duration'>Dur\u00e9e<\/th><\/tr>                    <\/thead>                    <tbody><tr class='ays_lb_li'><td class='ays_lb_pos'>1<\/td><td class='ays_lb_user'>Adrien NOUAILLER<\/td><td class='ays_lb_score'>100 %<\/td><td class='ays_lb_duration' data-order='43'>43 secondes<\/td><\/tr><tr class='ays_lb_li'><td class='ays_lb_pos'>2<\/td><td class='ays_lb_user'>Alexandra Matuscak<\/td><td class='ays_lb_score'>100 %<\/td><td class='ays_lb_duration' data-order='44'>44 secondes<\/td><\/tr><tr class='ays_lb_li'><td class='ays_lb_pos'>3<\/td><td class='ays_lb_user'>Franck Ricci<\/td><td class='ays_lb_score'>100 %<\/td><td class='ays_lb_duration' data-order='53'>53 secondes<\/td><\/tr><tr class='ays_lb_li'><td class='ays_lb_pos'>4<\/td><td class='ays_lb_user'>R\u00e9mi LAFORGUE<\/td><td class='ays_lb_score'>100 %<\/td><td class='ays_lb_duration' data-order='70'>1 minutes 10 secondes<\/td><\/tr><tr class='ays_lb_li'><td class='ays_lb_pos'>5<\/td><td class='ays_lb_user'>Damien Forner<\/td><td class='ays_lb_score'>100 %<\/td><td class='ays_lb_duration' data-order='104'>1 minutes 44 secondes<\/td><\/tr><\/tbody>                    <\/table>                <\/div>[\/et_pb_code][et_pb_text _builder_version=&#8221;4.16&#8243; global_colors_info=&#8221;{}&#8221;]<\/p>\n<h4>Quiz Facile :<\/h4>\n<p>[\/et_pb_text][et_pb_code _builder_version=&#8221;4.16&#8243; global_colors_info=&#8221;{}&#8221;]                <style>                                    <\/style><div class='ays_lb_container ays-leaderboard-main-container'>                <table class='ays_lb_ul ' style='width: 100%;'>                    <thead>                        <tr class='ays_lb_li' style='background: #ffffff;'><th class='ays_lb_pos'>Pos.<\/th><th class='ays_lb_user'>Nom<\/th><th class='ays_lb_score'>Score<\/th><th class='ays_lb_duration'>Dur\u00e9e<\/th><\/tr>                    <\/thead>                    <tbody><tr class='ays_lb_li'><td class='ays_lb_pos'>1<\/td><td class='ays_lb_user'>Adrien NOUAILLER<\/td><td class='ays_lb_score'>100 %<\/td><td class='ays_lb_duration' data-order='19'>19 secondes<\/td><\/tr><tr class='ays_lb_li'><td class='ays_lb_pos'>2<\/td><td class='ays_lb_user'>Alexandra Matuscak<\/td><td class='ays_lb_score'>100 %<\/td><td class='ays_lb_duration' data-order='22'>22 secondes<\/td><\/tr><tr class='ays_lb_li'><td class='ays_lb_pos'>3<\/td><td class='ays_lb_user'>Franck Ricci<\/td><td class='ays_lb_score'>100 %<\/td><td class='ays_lb_duration' data-order='23'>23 secondes<\/td><\/tr><tr class='ays_lb_li'><td class='ays_lb_pos'>4<\/td><td class='ays_lb_user'>Damien Forner<\/td><td class='ays_lb_score'>100 %<\/td><td class='ays_lb_duration' data-order='28'>28 secondes<\/td><\/tr><tr class='ays_lb_li'><td class='ays_lb_pos'>5<\/td><td class='ays_lb_user'>Paul-Emeric Willette<\/td><td class='ays_lb_score'>100 %<\/td><td class='ays_lb_duration' data-order='28'>28 secondes<\/td><\/tr><\/tbody>                    <\/table>                <\/div><!-- [et_pb_line_break_holder] -->[\/et_pb_code][\/et_pb_column][\/et_pb_row][et_pb_row _builder_version=&#8221;4.16&#8243; global_colors_info=&#8221;{}&#8221;][et_pb_column type=&#8221;4_4&#8243; _builder_version=&#8221;4.16&#8243; global_colors_info=&#8221;{}&#8221;][et_pb_text _builder_version=&#8221;4.16&#8243; global_colors_info=&#8221;{}&#8221;]<\/p>\n<h3>Vos derniers r\u00e9sultats :<\/h3>\n<p>[\/et_pb_text][et_pb_code _builder_version=&#8221;4.16&#8243; _module_preset=&#8221;default&#8221; global_colors_info=&#8221;{}&#8221;]\t\n<div class=\"um um-login um-1162\">\n\t<div class=\"um-form\">\n\t\t<form method=\"post\" action=\"\" autocomplete=\"off\">\n\t\t\t<div class=\"um-row _um_row_1 \" style=\"padding: 0px 0px 0px 0px;margin: 0px 0px 0px 0px;border-width: 0px 0px 0px 0px;border-style: solid;border-radius: 0px;\"><div class=\"um-col-1\"><div  id=\"um_field_1162_username\" class=\"um-field um-field-text  um-field-username um-field-text um-field-type_text\" data-key=\"username\"><div class=\"um-field-label\"><label for=\"username-1162\">Identifiant ou e-mail<\/label><div class=\"um-clear\"><\/div><\/div><div class=\"um-field-area\"><input  autocomplete=\"off\" class=\"um-form-field valid \" type=\"text\" name=\"username-1162\" id=\"username-1162\" value=\"\" placeholder=\"\" data-validate=\"unique_username_or_email\" data-key=\"username\"  aria-invalid=\"false\" \/>\n\n\t\t\t\t\t\t<\/div><\/div><div  id=\"um_field_1162_user_password\" class=\"um-field um-field-password  um-field-user_password um-field-password um-field-type_password\" data-key=\"user_password\"><div class=\"um-field-label\"><label for=\"user_password-1162\">Mot de passe<\/label><div class=\"um-clear\"><\/div><\/div><div class=\"um-field-area\"><input class=\"um-form-field valid \" type=\"password\" name=\"user_password-1162\" id=\"user_password-1162\" value=\"\" placeholder=\"\" data-validate=\"\" data-key=\"user_password\"  aria-invalid=\"false\" \/>\n\n\t\t\t\t\t\t\t<\/div><\/div><\/div><\/div>\t\t<input type=\"hidden\" name=\"form_id\" id=\"form_id_1162\" value=\"1162\" \/>\n\t\n\t<p class=\"um_request_name\">\n\t\t<label for=\"um_request_1162\">Only fill in if you are not human<\/label>\n\t\t<input type=\"hidden\" name=\"um_request\" id=\"um_request_1162\" class=\"input\" value=\"\" size=\"25\" autocomplete=\"off\" \/>\n\t<\/p>\n\n\t<input type=\"hidden\" name=\"redirect_to\" id=\"redirect_to\" value=\"https:\/\/www.digital-eyes.fr\/fr\/wp-json\/wp\/v2\/pages\/371\" \/><input type=\"hidden\" id=\"_wpnonce\" name=\"_wpnonce\" value=\"6de8259e71\" \/><input type=\"hidden\" name=\"_wp_http_referer\" value=\"\/fr\/wp-json\/wp\/v2\/pages\/371\" \/>\n\t<div class=\"um-col-alt\">\n\n\t\t\n\n\t\t\t<div class=\"um-field um-field-c\">\n\t\t\t\t<div class=\"um-field-area\">\n\t\t\t\t\t<label class=\"um-field-checkbox\">\n\t\t\t\t\t\t<input type=\"checkbox\" name=\"rememberme\" value=\"1\"  \/>\n\t\t\t\t\t\t<span class=\"um-field-checkbox-state\"><i class=\"um-icon-android-checkbox-outline-blank\"><\/i><\/span>\n\t\t\t\t\t\t<span class=\"um-field-checkbox-option\"> Se souvenir de moi<\/span>\n\t\t\t\t\t<\/label>\n\t\t\t\t<\/div>\n\t\t\t<\/div>\n\n\t\t\t\t\t\t<div class=\"um-clear\"><\/div>\n\t\t\n\t\t\t<div class=\"um-left um-half\">\n\t\t\t\t<input type=\"submit\" value=\"Connexion\" class=\"um-button\" id=\"um-submit-btn\" \/>\n\t\t\t<\/div>\n\t\t\t<div class=\"um-right um-half\">\n\t\t\t\t<a href=\"https:\/\/www.digital-eyes.fr\/fr\/register\/\" class=\"um-button um-alt\">\n\t\t\t\t\tInscription\t\t\t\t<\/a>\n\t\t\t<\/div>\n\n\t\t\n\t\t<div class=\"um-clear\"><\/div>\n\n\t<\/div>\n\n\t\n\t<div class=\"um-col-alt-b\">\n\t\t<a href=\"https:\/\/www.digital-eyes.fr\/fr\/password-reset\/\" class=\"um-link-alt\">\n\t\t\tMot de passe oubli\u00e9\u00a0?\t\t<\/a>\n\t<\/div>\n\n\t\t\t<\/form>\n\t<\/div>\n<\/div>\n<style>\n\t\t\t.um-1162.um {\n\t\t\tmax-width: 650px;\n\t\t}\n\t\t<\/style>\n[\/et_pb_code][et_pb_code _builder_version=&#8221;4.16&#8243; global_colors_info=&#8221;{}&#8221;]<p style='text-align: center;font-style:italic;'>Vous devez vous connecter pour voir vos r\u00e9sultats.<\/p>[\/et_pb_code][\/et_pb_column][\/et_pb_row][\/et_pb_section][et_pb_section fb_built=&#8221;1&#8243; _builder_version=&#8221;4.4.2&#8243; custom_padding=&#8221;0px||0px|||&#8221; global_module=&#8221;1752&#8243; saved_tabs=&#8221;all&#8221; global_colors_info=&#8221;{}&#8221;][et_pb_row _builder_version=&#8221;4.16&#8243; locked=&#8221;off&#8221; global_colors_info=&#8221;{}&#8221;][et_pb_column type=&#8221;4_4&#8243; _builder_version=&#8221;4.16&#8243; custom_padding=&#8221;|||&#8221; global_colors_info=&#8221;{}&#8221; custom_padding__hover=&#8221;|||&#8221;][et_pb_code _builder_version=&#8221;4.16&#8243; custom_padding=&#8221;|||0px||&#8221; global_colors_info=&#8221;{}&#8221;][sibwp_form id=1][\/et_pb_code][\/et_pb_column][\/et_pb_row][\/et_pb_section]<\/p>\n","protected":false},"excerpt":{"rendered":"<p>Jeu de culture informatique<\/br><br \/>\nTestez vos connaissances en s\u00e9curit\u00e9 informatique et culture informatique g\u00e9n\u00e9rale avec ce quiz de niveau facile \u00e0 avanc\u00e9<\/p>\n","protected":false},"author":3,"featured_media":0,"parent":0,"menu_order":0,"comment_status":"closed","ping_status":"closed","template":"","meta":{"_et_pb_use_builder":"on","_et_pb_old_content":"Ce quiz vous permettra en quelques questions d'identifier vos connaissances et \u00e9ventuellement vos besoins dans les domaines de la s\u00e9curit\u00e9 informatique, des outils collaboratifs, et applications informatiques pour entreprises. Par ailleurs, vos r\u00e9ponses nous permettront d'adapter nos explications en fonction de votre niveau technique, et vous proposer les solutions les plus adapt\u00e9es.\r\n\r\nLa r\u00e9alisation compl\u00e8te du quizz ne prend pas plus de 5 min, et vous pourrez demander \u00e0 recevoir vos r\u00e9ponses en nous laissant votre adresse email.\r\n\r\n\u00a0\r\n\r\n[caldera_form id=\"CF5ba23c35ab08b\"]","_et_gb_content_width":""},"_links":{"self":[{"href":"https:\/\/www.digital-eyes.fr\/fr\/wp-json\/wp\/v2\/pages\/371"}],"collection":[{"href":"https:\/\/www.digital-eyes.fr\/fr\/wp-json\/wp\/v2\/pages"}],"about":[{"href":"https:\/\/www.digital-eyes.fr\/fr\/wp-json\/wp\/v2\/types\/page"}],"author":[{"embeddable":true,"href":"https:\/\/www.digital-eyes.fr\/fr\/wp-json\/wp\/v2\/users\/3"}],"replies":[{"embeddable":true,"href":"https:\/\/www.digital-eyes.fr\/fr\/wp-json\/wp\/v2\/comments?post=371"}],"version-history":[{"count":43,"href":"https:\/\/www.digital-eyes.fr\/fr\/wp-json\/wp\/v2\/pages\/371\/revisions"}],"predecessor-version":[{"id":6970,"href":"https:\/\/www.digital-eyes.fr\/fr\/wp-json\/wp\/v2\/pages\/371\/revisions\/6970"}],"wp:attachment":[{"href":"https:\/\/www.digital-eyes.fr\/fr\/wp-json\/wp\/v2\/media?parent=371"}],"curies":[{"name":"wp","href":"https:\/\/api.w.org\/{rel}","templated":true}]}}