{"id":983,"date":"2019-04-01T12:59:48","date_gmt":"2019-04-01T12:59:48","guid":{"rendered":"https:\/\/www.digital-eyes.fr\/fr\/?page_id=983"},"modified":"2023-08-30T09:55:28","modified_gmt":"2023-08-30T08:55:28","slug":"devis-service-informatique-trets","status":"publish","type":"page","link":"https:\/\/www.digital-eyes.fr\/fr\/devis-service-informatique-trets\/","title":{"rendered":"Demander un devis prestation de service informatique"},"content":{"rendered":"<p>[et_pb_section fb_built=&#8221;1&#8243; _builder_version=&#8221;4.17.6&#8243; background_color=&#8221;#102F46&#8243; use_background_color_gradient=&#8221;on&#8221; background_color_gradient_stops=&#8221;#08385b 0%|#001523 100%&#8221; background_color_gradient_start=&#8221;#08385b&#8221; background_color_gradient_end=&#8221;#001523&#8243; custom_margin=&#8221;-215px||||false|false&#8221; custom_padding=&#8221;250px||42px|0px|false|false&#8221; top_divider_color=&#8221;#226699&#8243; background_color_gradient_stops_tablet=&#8221;#08385b 0%|#001523 100%&#8221; background_color_gradient_stops_phone=&#8221;#08385b 0%|#001523 100%&#8221; border_width_bottom=&#8221;3px&#8221; border_color_bottom=&#8221;#F89838&#8243; box_shadow_style=&#8221;preset3&#8243; global_module=&#8221;2284&#8243; saved_tabs=&#8221;all&#8221; locked=&#8221;off&#8221; global_colors_info=&#8221;{}&#8221;][et_pb_row _builder_version=&#8221;4.18.0&#8243; _module_preset=&#8221;default&#8221; global_colors_info=&#8221;{}&#8221;][et_pb_column type=&#8221;4_4&#8243; _builder_version=&#8221;4.16&#8243; _module_preset=&#8221;default&#8221; global_colors_info=&#8221;{}&#8221;][et_pb_text _builder_version=&#8221;4.18.0&#8243; _dynamic_attributes=&#8221;content&#8221; _module_preset=&#8221;default&#8221; text_orientation=&#8221;center&#8221; background_layout=&#8221;dark&#8221; animation_direction=&#8221;top&#8221; global_colors_info=&#8221;{}&#8221;]@ET-DC@eyJkeW5hbWljIjp0cnVlLCJjb250ZW50IjoicG9zdF9leGNlcnB0Iiwic2V0dGluZ3MiOnsiYmVmb3JlIjoiPGgxPiIsImFmdGVyIjoiPC9oMT4iLCJ3b3JkcyI6IiIsInJlYWRfbW9yZV9sYWJlbCI6IiJ9fQ==@[\/et_pb_text][\/et_pb_column][\/et_pb_row][\/et_pb_section][et_pb_section fb_built=&#8221;1&#8243; _builder_version=&#8221;4.16&#8243; custom_padding=&#8221;0|0px|54px|0px|false|false&#8221; global_colors_info=&#8221;{}&#8221;][et_pb_row _builder_version=&#8221;4.16&#8243; global_colors_info=&#8221;{}&#8221;][et_pb_column type=&#8221;4_4&#8243; _builder_version=&#8221;4.16&#8243; custom_padding=&#8221;|||&#8221; global_colors_info=&#8221;{}&#8221; custom_padding__hover=&#8221;|||&#8221;][et_pb_contact_form use_spam_service=&#8221;on&#8221; email=&#8221;contact@digital-eyes.fr&#8221; title=&#8221;Demande de devis&#8221; use_redirect=&#8221;on&#8221; redirect_url=&#8221;\/message-envoye\/&#8221; success_message=&#8221;message en cours d&#8217;envoi&#8230;&#8221; _builder_version=&#8221;4.21.0&#8243; _unique_id=&#8221;cc33f265-8ab5-4f24-b16b-d6ede1a644d3&#8243; form_field_background_color=&#8221;rgba(0,0,0,0)&#8221; form_field_text_color=&#8221;#4c4c4c&#8221; title_level=&#8221;h2&#8243; title_font=&#8221;||||||||&#8221; form_field_font=&#8221;||||||||&#8221; animation_style=&#8221;fade&#8221; hover_enabled=&#8221;0&#8243; border_radii=&#8221;on|8px|8px|8px|8px&#8221; border_width_all=&#8221;2px&#8221; border_color_all=&#8221;#016699&#8243; form_background_color=&#8221;rgba(173,173,173,0.13)&#8221; global_colors_info=&#8221;{}&#8221; recaptcha_list=&#8221;Digital-Eyes|Digital-Eyes-0&#8243; sticky_enabled=&#8221;0&#8243;][et_pb_contact_field field_id=&#8221;Firstname&#8221; field_title=&#8221;Pr\u00e9nom&#8221; _builder_version=&#8221;4.16&#8243; global_colors_info=&#8221;{}&#8221; button_text_size__hover_enabled=&#8221;off&#8221; button_one_text_size__hover_enabled=&#8221;off&#8221; button_two_text_size__hover_enabled=&#8221;off&#8221; button_text_color__hover_enabled=&#8221;off&#8221; button_one_text_color__hover_enabled=&#8221;off&#8221; button_two_text_color__hover_enabled=&#8221;off&#8221; button_border_width__hover_enabled=&#8221;off&#8221; button_one_border_width__hover_enabled=&#8221;off&#8221; button_two_border_width__hover_enabled=&#8221;off&#8221; button_border_color__hover_enabled=&#8221;off&#8221; button_one_border_color__hover_enabled=&#8221;off&#8221; button_two_border_color__hover_enabled=&#8221;off&#8221; button_border_radius__hover_enabled=&#8221;off&#8221; button_one_border_radius__hover_enabled=&#8221;off&#8221; button_two_border_radius__hover_enabled=&#8221;off&#8221; button_letter_spacing__hover_enabled=&#8221;off&#8221; button_one_letter_spacing__hover_enabled=&#8221;off&#8221; button_two_letter_spacing__hover_enabled=&#8221;off&#8221; button_bg_color__hover_enabled=&#8221;off&#8221; button_one_bg_color__hover_enabled=&#8221;off&#8221; button_two_bg_color__hover_enabled=&#8221;off&#8221;][\/et_pb_contact_field][et_pb_contact_field field_id=&#8221;Lastname&#8221; field_title=&#8221;Nom&#8221; _builder_version=&#8221;4.16&#8243; global_colors_info=&#8221;{}&#8221; button_text_size__hover_enabled=&#8221;off&#8221; button_one_text_size__hover_enabled=&#8221;off&#8221; button_two_text_size__hover_enabled=&#8221;off&#8221; button_text_color__hover_enabled=&#8221;off&#8221; button_one_text_color__hover_enabled=&#8221;off&#8221; button_two_text_color__hover_enabled=&#8221;off&#8221; button_border_width__hover_enabled=&#8221;off&#8221; button_one_border_width__hover_enabled=&#8221;off&#8221; button_two_border_width__hover_enabled=&#8221;off&#8221; button_border_color__hover_enabled=&#8221;off&#8221; button_one_border_color__hover_enabled=&#8221;off&#8221; button_two_border_color__hover_enabled=&#8221;off&#8221; button_border_radius__hover_enabled=&#8221;off&#8221; button_one_border_radius__hover_enabled=&#8221;off&#8221; button_two_border_radius__hover_enabled=&#8221;off&#8221; button_letter_spacing__hover_enabled=&#8221;off&#8221; button_one_letter_spacing__hover_enabled=&#8221;off&#8221; button_two_letter_spacing__hover_enabled=&#8221;off&#8221; button_bg_color__hover_enabled=&#8221;off&#8221; button_one_bg_color__hover_enabled=&#8221;off&#8221; button_two_bg_color__hover_enabled=&#8221;off&#8221;][\/et_pb_contact_field][et_pb_contact_field field_id=&#8221;Email&#8221; field_title=&#8221;Adresse e-mail&#8221; field_type=&#8221;email&#8221; _builder_version=&#8221;4.16&#8243; global_colors_info=&#8221;{}&#8221; button_text_size__hover_enabled=&#8221;off&#8221; button_one_text_size__hover_enabled=&#8221;off&#8221; button_two_text_size__hover_enabled=&#8221;off&#8221; button_text_color__hover_enabled=&#8221;off&#8221; button_one_text_color__hover_enabled=&#8221;off&#8221; button_two_text_color__hover_enabled=&#8221;off&#8221; button_border_width__hover_enabled=&#8221;off&#8221; button_one_border_width__hover_enabled=&#8221;off&#8221; button_two_border_width__hover_enabled=&#8221;off&#8221; button_border_color__hover_enabled=&#8221;off&#8221; button_one_border_color__hover_enabled=&#8221;off&#8221; button_two_border_color__hover_enabled=&#8221;off&#8221; button_border_radius__hover_enabled=&#8221;off&#8221; button_one_border_radius__hover_enabled=&#8221;off&#8221; button_two_border_radius__hover_enabled=&#8221;off&#8221; button_letter_spacing__hover_enabled=&#8221;off&#8221; button_one_letter_spacing__hover_enabled=&#8221;off&#8221; button_two_letter_spacing__hover_enabled=&#8221;off&#8221; button_bg_color__hover_enabled=&#8221;off&#8221; button_one_bg_color__hover_enabled=&#8221;off&#8221; button_two_bg_color__hover_enabled=&#8221;off&#8221;][\/et_pb_contact_field][et_pb_contact_field field_id=&#8221;Telephone&#8221; field_title=&#8221;Num\u00e9ro de t\u00e9l\u00e9phone&#8221; allowed_symbols=&#8221;numbers&#8221; required_mark=&#8221;off&#8221; _builder_version=&#8221;4.16&#8243; global_colors_info=&#8221;{}&#8221; button_text_size__hover_enabled=&#8221;off&#8221; button_one_text_size__hover_enabled=&#8221;off&#8221; button_two_text_size__hover_enabled=&#8221;off&#8221; button_text_color__hover_enabled=&#8221;off&#8221; button_one_text_color__hover_enabled=&#8221;off&#8221; button_two_text_color__hover_enabled=&#8221;off&#8221; button_border_width__hover_enabled=&#8221;off&#8221; button_one_border_width__hover_enabled=&#8221;off&#8221; button_two_border_width__hover_enabled=&#8221;off&#8221; button_border_color__hover_enabled=&#8221;off&#8221; button_one_border_color__hover_enabled=&#8221;off&#8221; button_two_border_color__hover_enabled=&#8221;off&#8221; button_border_radius__hover_enabled=&#8221;off&#8221; button_one_border_radius__hover_enabled=&#8221;off&#8221; button_two_border_radius__hover_enabled=&#8221;off&#8221; button_letter_spacing__hover_enabled=&#8221;off&#8221; button_one_letter_spacing__hover_enabled=&#8221;off&#8221; button_two_letter_spacing__hover_enabled=&#8221;off&#8221; button_bg_color__hover_enabled=&#8221;off&#8221; button_one_bg_color__hover_enabled=&#8221;off&#8221; button_two_bg_color__hover_enabled=&#8221;off&#8221;][\/et_pb_contact_field][et_pb_contact_field field_id=&#8221;CodePostal&#8221; field_title=&#8221;Code Postal (France)&#8221; min_length=&#8221;5&#8243; max_length=&#8221;5&#8243; allowed_symbols=&#8221;numbers&#8221; fullwidth_field=&#8221;on&#8221; _builder_version=&#8221;4.16&#8243; global_colors_info=&#8221;{}&#8221;][\/et_pb_contact_field][et_pb_contact_field field_id=&#8221;Offre&#8221; field_title=&#8221;Je recherche des services pour mon :&#8221; field_type=&#8221;radio&#8221; radio_options=&#8221;%91{%22value%22:%22Domicile%22,%22checked%22:0,%22dragID%22:-1},{%22value%22:%22Entreprise%22,%22checked%22:0,%22dragID%22:0}%93&#8243; fullwidth_field=&#8221;on&#8221; _builder_version=&#8221;4.16&#8243; global_colors_info=&#8221;{}&#8221;][\/et_pb_contact_field][et_pb_contact_field field_id=&#8221;NomEntreprise&#8221; field_title=&#8221;Entreprise&#8221; conditional_logic=&#8221;on&#8221; conditional_logic_rules=&#8221;%91{%22field%22:%22offre%22,%22condition%22:%22is%22,%22value%22:%22Entreprise%22}%93&#8243; _builder_version=&#8221;4.16&#8243; global_colors_info=&#8221;{}&#8221;][\/et_pb_contact_field][et_pb_contact_field field_id=&#8221;NACE&#8221; field_title=&#8221;Code NACE&#8221; min_length=&#8221;5&#8243; max_length=&#8221;5&#8243; allowed_symbols=&#8221;alphanumeric&#8221; required_mark=&#8221;off&#8221; conditional_logic=&#8221;on&#8221; conditional_logic_rules=&#8221;%91{%22field%22:%22offre%22,%22condition%22:%22is%22,%22value%22:%22Entreprise%22}%93&#8243; _builder_version=&#8221;4.16&#8243; global_colors_info=&#8221;{}&#8221;][\/et_pb_contact_field][et_pb_contact_field field_id=&#8221;Entreprise&#8221; field_title=&#8221;Pour votre entreprise, vous souhaitez&#8221; field_type=&#8221;checkbox&#8221; checkbox_options=&#8221;%91{%22value%22:%22Prot\u00e9ger les donn\u00e9es de l&#8217;entreprise contre des attaques malveillantes%22,%22checked%22:0,%22dragID%22:-1},{%22value%22:%22Sauvegarder les donn\u00e9es de l&#8217;entreprise de fa\u00e7on fiable et s\u00fbre%22,%22checked%22:0,%22dragID%22:0},{%22value%22:%22Partager les donn\u00e9es de l&#8217;entreprise avec des collaborateurs, fournisseurs&#8230;%22,%22checked%22:0,%22dragID%22:1},{%22value%22:%22D\u00e9l\u00e9guer la gestion de notre informatique%22,%22checked%22:0,%22dragID%22:2},{%22value%22:%22Surveiller mes locaux avec des cam\u00e9ras  ou une centrale d&#8217;alarme%22,%22checked%22:0,%22dragID%22:3},{%22value%22:%22Rationaliser et optimiser notre parc informatique%22,%22checked%22:0,%22dragID%22:4},{%22value%22:%22Avoir un site internet%22,%22checked%22:0,%22dragID%22:5},{%22value%22:%22Communiquer avec une adresse de messagerie professionnelle%22,%22checked%22:0,%22dragID%22:6},{%22value%22:%22G\u00e9rer mes clients, produits, services, devis, factures&#8230;%22,%22checked%22:0,%22dragID%22:7},{%22value%22:%22Avoir un gestionnaire de mots de passe s\u00fbr et h\u00e9berg\u00e9 sur mon serveur%22,%22checked%22:0,%22dragID%22:8},{%22value%22:%22Utiliser une suite bureautique accessible de partout mais sans abonnement%22,%22checked%22:0,%22dragID%22:9}%93&#8243; fullwidth_field=&#8221;on&#8221; conditional_logic=&#8221;on&#8221; conditional_logic_rules=&#8221;%91{%22field%22:%22offre%22,%22condition%22:%22is%22,%22value%22:%22Entreprise%22}%93&#8243; _builder_version=&#8221;4.16&#8243; global_colors_info=&#8221;{}&#8221;][\/et_pb_contact_field][et_pb_contact_field field_id=&#8221;Domicile&#8221; field_title=&#8221;Pour votre domicile, vous souhaitez &#8221; field_type=&#8221;checkbox&#8221; checkbox_options=&#8221;%91{%22value%22:%22Diffuser nos photos, musiques, et vid\u00e9os dans notre salon ou sur notre mobile%22,%22checked%22:0,%22dragID%22:-1},{%22value%22:%22Sauvegarder mes donn\u00e9es de fa\u00e7on fiable et s\u00fbre%22,%22checked%22:0,%22dragID%22:0},{%22value%22:%22Partager mes photos et vid\u00e9os avec ma famille ou des amis%22,%22checked%22:0,%22dragID%22:1},{%22value%22:%22Surveiller mon domicile avec des cam\u00e9ras ou une centrale d&#8217;alarme%22,%22checked%22:0,%22dragID%22:2},{%22value%22:%22Me prot\u00e9ger des attaques informatiques malveillantes%22,%22checked%22:0,%22dragID%22:3}%93&#8243; fullwidth_field=&#8221;on&#8221; conditional_logic=&#8221;on&#8221; conditional_logic_rules=&#8221;%91{%22field%22:%22offre%22,%22condition%22:%22is%22,%22value%22:%22Domicile%22}%93&#8243; _builder_version=&#8221;4.16&#8243; global_colors_info=&#8221;{}&#8221;][\/et_pb_contact_field][et_pb_contact_field field_id=&#8221;rgpd&#8221; field_title=&#8221;Confidentialit\u00e9&#8221; field_type=&#8221;checkbox&#8221; checkbox_options=&#8221;%91{%22value%22:%22J&#8217;accepte votre Politique de Confidentialit\u00e9%22,%22checked%22:0,%22dragID%22:-1}%93&#8243; fullwidth_field=&#8221;on&#8221; _builder_version=&#8221;4.16&#8243; background_color=&#8221;#adadad&#8221; background_enable_color=&#8221;on&#8221; link_option_url=&#8221;\/rgpd\/&#8221; global_colors_info=&#8221;{}&#8221;][\/et_pb_contact_field][\/et_pb_contact_form][\/et_pb_column][\/et_pb_row][\/et_pb_section]<\/p>\n","protected":false},"excerpt":{"rendered":"<p>Prestation de service informatique sur Trets, Bouche du Rh\u00f4ne, Var<\/br>en s\u00e9curit\u00e9 informatique, protection et partage des donn\u00e9es, outils collaboratifs, d\u00e9veloppement d&#8217;application et site internet<\/p>\n","protected":false},"author":3,"featured_media":0,"parent":0,"menu_order":0,"comment_status":"closed","ping_status":"closed","template":"","meta":{"_et_pb_use_builder":"on","_et_pb_old_content":"","_et_gb_content_width":""},"_links":{"self":[{"href":"https:\/\/www.digital-eyes.fr\/fr\/wp-json\/wp\/v2\/pages\/983"}],"collection":[{"href":"https:\/\/www.digital-eyes.fr\/fr\/wp-json\/wp\/v2\/pages"}],"about":[{"href":"https:\/\/www.digital-eyes.fr\/fr\/wp-json\/wp\/v2\/types\/page"}],"author":[{"embeddable":true,"href":"https:\/\/www.digital-eyes.fr\/fr\/wp-json\/wp\/v2\/users\/3"}],"replies":[{"embeddable":true,"href":"https:\/\/www.digital-eyes.fr\/fr\/wp-json\/wp\/v2\/comments?post=983"}],"version-history":[{"count":30,"href":"https:\/\/www.digital-eyes.fr\/fr\/wp-json\/wp\/v2\/pages\/983\/revisions"}],"predecessor-version":[{"id":8060,"href":"https:\/\/www.digital-eyes.fr\/fr\/wp-json\/wp\/v2\/pages\/983\/revisions\/8060"}],"wp:attachment":[{"href":"https:\/\/www.digital-eyes.fr\/fr\/wp-json\/wp\/v2\/media?parent=983"}],"curies":[{"name":"wp","href":"https:\/\/api.w.org\/{rel}","templated":true}]}}